{"id":363,"date":"2022-01-25T16:43:51","date_gmt":"2022-01-25T15:43:51","guid":{"rendered":"https:\/\/panoramic-chatel.com\/?page_id=363"},"modified":"2022-01-25T16:50:57","modified_gmt":"2022-01-25T15:50:57","slug":"appartements","status":"publish","type":"page","link":"https:\/\/panoramic-chatel.com\/en\/appartements\/","title":{"rendered":"Apartments"},"content":{"rendered":"<p><strong>LOCALISATION ET ARCHITECTURE DE L&rsquo;IMMEUBLE<\/strong><\/p>\n<p>Pour toute personne se posant la question de l&rsquo;acquisition d&rsquo;un bien l\u2019immobilier, avant tout, c\u2019est l\u2019emplacement qui compte&#8230; Ici l\u2019imm\u00e9diate proximit\u00e9 du centre-ville permet une immersion totale entre village et nature&#8230;<\/p>\n<p>L\u2019emplacement exceptionnel de l&rsquo;h\u00f4tel PANORAMIC et la recherche architecturale de l\u2019\u00e9poque ont \u00e9t\u00e9, un d\u00e9fi \u00e0 relever, dans la transformation. Il fallait adapter le projet et les appartements au mode de vie et aux exigences actuelles tout en gardant l\u2019esprit originel.<\/p>\n<p>L&rsquo;implantation du b\u00e2timent avec sa grande fa\u00e7ade d\u2019origine, c\u00f4t\u00e9 soleil, est une raret\u00e9 ; seules l\u2019anciennet\u00e9 et les r\u00e8gles d\u2019urbanisme des ann\u00e9es 60 ont permis cette implantation, c\u2019est pourquoi elle a \u00e9t\u00e9 conserv\u00e9e.<\/p>\n<p>Les balcons filants t\u00e9moins d\u2019une modernit\u00e9 extraordinaire pour l\u2019\u00e9poque, et toujours d\u2019actualit\u00e9, ont \u00e9t\u00e9 maintenus. Le choix pour leur traitement d\u2019utiliser l\u2019acier, le bois et le verre afin de rester dans cet esprit moderniste, a \u00e9t\u00e9 retenu.<\/p>\n<p>Sur la route du Linga, le b\u00e2timent et sa fa\u00e7ade sont en revanche totalement remodel\u00e9s avec des pignons et du bois, pour s\u2019inscrire dans les architectures typiques traditionnelles de la Vall\u00e9e d\u2019Abondance et de Chatel.<\/p>\n<p>Enfin, pour offrir aux r\u00e9sidents un bien-\u00eatre accru, les appartements sont propos\u00e9s en duplex car cela a permis d\u2019avoir pour tous les appartements une orientation parfaite et des terrasses significatives \u00e0 la hauteur de la qualit\u00e9 de ce magnifique projet.<\/p>\n<p>La transformation de l&rsquo;H\u00f4tel Panoramic en r\u00e9sidence \u00ab premium \u00bb de 13 appartements est l\u2019opportunit\u00e9 d&rsquo;acqu\u00e9rir un logement sur ce site exceptionnel au c\u0153ur du village. C&rsquo;est l&rsquo;anciennet\u00e9 de l&rsquo;existence du Panoramic construit alors que Ch\u00e2tel n&rsquo;\u00e9tait qu&rsquo;un petit hameau o\u00f9 il \u00e9tait possible de choisir un emplacement\u00a0 superbe avec vues sur la vall\u00e9e en aval sur Abondance et en amont, sur les pistes de ski des Portes du Soleil :<\/p>\n<ul>\n<li>Une adresse privil\u00e9gi\u00e9e,<\/li>\n<li>Un cadre enchanteur,<\/li>\n<li>De belles expositions majoritairement plein sud<\/li>\n<li>Au calme,<\/li>\n<li>A deux pas du centre,<\/li>\n<li>Avec vue imprenable avec vue sur les pistes du Linga et la Vall\u00e9e d&rsquo;Abondance<\/li>\n<li>Proche de toutes les commodit\u00e9s : navettes gratuites devant l&rsquo;immeuble,<\/li>\n<\/ul>\n<p><strong>POUR VOTRE CONFORT ET QUALIT\u00c9 DE VIE<\/strong><\/p>\n<p>Ici tout a \u00e9t\u00e9 pens\u00e9 tant pour la qualit\u00e9 des mat\u00e9riaux utilis\u00e9s et choisi dans le respect de l\u2019environnement, que pour les plans de chaque appartement con\u00e7us avec le plus grand soin pour vous offrir, au quotidien, de grands espaces et de confort.<\/p>\n<ul>\n<li>Chaque appartement dispose de grandes terrasses ou balcons.<\/li>\n<li>La construction r\u00e9pond aux normes les plus exigeantes : chauffage (gaz) individuel au sol, isolation thermique et phonique de premier ordre.<\/li>\n<li>Un local \u00e9quip\u00e9 de 40m2 \u00e0 disposition, dans la r\u00e9sidence, pour vos activit\u00e9s sportives et de travail.<\/li>\n<\/ul>\n<p><strong>UN ACCOMPAGNEMENT PERSONNALIS\u00c9 ET FINITIONS SUR MESURE POUR LES APPARTEMENTS :<\/strong><\/p>\n<ul>\n<li>Duplex organis\u00e9 en niveau jour et niveau nuit avec acc\u00e8s direct au pallier \u00e0 chaque niveau<\/li>\n<li>Cuisine toute \u00e9quip\u00e9e avec plan de travail c\u00e9ramique (hors \u00e9lectrom\u00e9nager)<\/li>\n<li>SPA 150&#215;160 sur votre terrasse<\/li>\n<li>CHEMIN\u00c9E pour la plupart des appartements<\/li>\n<li>ASCENSEUR PRIVATIF dans tous les duplex en suppl\u00e9ment sur demande<\/li>\n<li>Appartements enti\u00e8rement s\u00e9curis\u00e9s<\/li>\n<li>Portes pali\u00e8res anti-effraction avec serrures de s\u00e9curit\u00e9 multipoints<\/li>\n<li>Int\u00e9rieurs enti\u00e8rement personnalisables<\/li>\n<\/ul>\n<p>Pour les appartements en rez de jardin<\/p>\n<ul>\n<li>La terrasse se prolonge \u00e9galement sur un espace jardin privatif engazonn\u00e9.<\/li>\n<\/ul>\n<p><strong>UN ACCOMPAGNEMENT PERSONNALIS\u00c9 ET FINITIONS SUR MESURE POUR L&rsquo;IMMEUBLE :<\/strong><\/p>\n<ul>\n<li>Acc\u00e8s immeuble sous surveillance vid\u00e9ophone<\/li>\n<li>Commande \u00e0 distance du chauffage et d\u2019ouverture garage et ascenseur \u00e0 voiture<\/li>\n<li>Garages doubles<\/li>\n<li>Casier \u00e0 skis dot\u00e9 de s\u00e8ches chaussures chauffant<\/li>\n<li>Caves privatives permettant de ranger les v\u00e9los, le mat\u00e9riel du SPA ou le bois des chemin\u00e9es<\/li>\n<\/ul>","protected":false},"excerpt":{"rendered":"<p>LOCALISATION ET ARCHITECTURE DE L&rsquo;IMMEUBLE Pour toute personne se posant la question de l&rsquo;acquisition d&rsquo;un bien l\u2019immobilier, avant tout, c\u2019est l\u2019emplacement qui compte&#8230; Ici l\u2019imm\u00e9diate proximit\u00e9 du centre-ville permet une immersion totale entre village et nature&#8230; L\u2019emplacement exceptionnel de l&rsquo;h\u00f4tel PANORAMIC et la recherche architecturale de l\u2019\u00e9poque ont \u00e9t\u00e9, un d\u00e9fi \u00e0 relever, dans la&hellip;&nbsp;<a href=\"https:\/\/panoramic-chatel.com\/en\/appartements\/\" rel=\"bookmark\">Read More &raquo;<span class=\"screen-reader-text\">Apartments<\/span><\/a><\/p>","protected":false},"author":1,"featured_media":0,"parent":0,"menu_order":0,"comment_status":"closed","ping_status":"closed","template":"","meta":{"neve_meta_sidebar":"","neve_meta_container":"","neve_meta_enable_content_width":"","neve_meta_content_width":0,"neve_meta_title_alignment":"","neve_meta_author_avatar":"","neve_post_elements_order":"","neve_meta_disable_header":"","neve_meta_disable_footer":"","neve_meta_disable_title":"","footnotes":""},"class_list":["post-363","page","type-page","status-publish","hentry"],"yoast_head":"<!-- This site is optimized with the Yoast SEO plugin v25.9 - https:\/\/yoast.com\/wordpress\/plugins\/seo\/ -->\n<title>Appartements - Le Panoramic<\/title>\n<meta name=\"robots\" content=\"index, follow, max-snippet:-1, max-image-preview:large, max-video-preview:-1\" \/>\n<link rel=\"canonical\" href=\"https:\/\/panoramic-chatel.com\/en\/appartements\/\" \/>\n<meta property=\"og:locale\" content=\"en_GB\" \/>\n<meta property=\"og:type\" content=\"article\" \/>\n<meta property=\"og:title\" content=\"Appartements - Le Panoramic\" \/>\n<meta property=\"og:description\" content=\"LOCALISATION ET ARCHITECTURE DE L&rsquo;IMMEUBLE Pour toute personne se posant la question de l&rsquo;acquisition d&rsquo;un bien l\u2019immobilier, avant tout, c\u2019est l\u2019emplacement qui compte&#8230; Ici l\u2019imm\u00e9diate proximit\u00e9 du centre-ville permet une immersion totale entre village et nature&#8230; L\u2019emplacement exceptionnel de l&rsquo;h\u00f4tel PANORAMIC et la recherche architecturale de l\u2019\u00e9poque ont \u00e9t\u00e9, un d\u00e9fi \u00e0 relever, dans la&hellip;&nbsp;Read More &raquo;Appartements\" \/>\n<meta property=\"og:url\" content=\"https:\/\/panoramic-chatel.com\/en\/appartements\/\" \/>\n<meta property=\"og:site_name\" content=\"Le Panoramic\" \/>\n<meta property=\"article:modified_time\" content=\"2022-01-25T15:50:57+00:00\" \/>\n<meta name=\"twitter:card\" content=\"summary_large_image\" \/>\n<meta name=\"twitter:label1\" content=\"Estimated reading time\" \/>\n\t<meta name=\"twitter:data1\" content=\"3 minutes\" \/>\n<script type=\"application\/ld+json\" class=\"yoast-schema-graph\">{\"@context\":\"https:\/\/schema.org\",\"@graph\":[{\"@type\":\"WebPage\",\"@id\":\"https:\/\/panoramic-chatel.com\/appartements\/\",\"url\":\"https:\/\/panoramic-chatel.com\/appartements\/\",\"name\":\"Appartements - Le Panoramic\",\"isPartOf\":{\"@id\":\"https:\/\/panoramic-chatel.com\/#website\"},\"datePublished\":\"2022-01-25T15:43:51+00:00\",\"dateModified\":\"2022-01-25T15:50:57+00:00\",\"breadcrumb\":{\"@id\":\"https:\/\/panoramic-chatel.com\/appartements\/#breadcrumb\"},\"inLanguage\":\"en-GB\",\"potentialAction\":[{\"@type\":\"ReadAction\",\"target\":[\"https:\/\/panoramic-chatel.com\/appartements\/\"]}]},{\"@type\":\"BreadcrumbList\",\"@id\":\"https:\/\/panoramic-chatel.com\/appartements\/#breadcrumb\",\"itemListElement\":[{\"@type\":\"ListItem\",\"position\":1,\"name\":\"Accueil\",\"item\":\"https:\/\/panoramic-chatel.com\/\"},{\"@type\":\"ListItem\",\"position\":2,\"name\":\"Appartements\"}]},{\"@type\":\"WebSite\",\"@id\":\"https:\/\/panoramic-chatel.com\/#website\",\"url\":\"https:\/\/panoramic-chatel.com\/\",\"name\":\"Le Panoramic\",\"description\":\"R\u00e9sidence Premium Ch\u00e2tel\",\"publisher\":{\"@id\":\"https:\/\/panoramic-chatel.com\/#organization\"},\"potentialAction\":[{\"@type\":\"SearchAction\",\"target\":{\"@type\":\"EntryPoint\",\"urlTemplate\":\"https:\/\/panoramic-chatel.com\/?s={search_term_string}\"},\"query-input\":{\"@type\":\"PropertyValueSpecification\",\"valueRequired\":true,\"valueName\":\"search_term_string\"}}],\"inLanguage\":\"en-GB\"},{\"@type\":\"Organization\",\"@id\":\"https:\/\/panoramic-chatel.com\/#organization\",\"name\":\"Le Panoramic\",\"url\":\"https:\/\/panoramic-chatel.com\/\",\"logo\":{\"@type\":\"ImageObject\",\"inLanguage\":\"en-GB\",\"@id\":\"https:\/\/panoramic-chatel.com\/#\/schema\/logo\/image\/\",\"url\":\"https:\/\/panoramic-chatel.com\/wp-content\/uploads\/2021\/10\/Logo_LEPANORAMIC_montagnes.png\",\"contentUrl\":\"https:\/\/panoramic-chatel.com\/wp-content\/uploads\/2021\/10\/Logo_LEPANORAMIC_montagnes.png\",\"width\":2000,\"height\":1000,\"caption\":\"Le Panoramic\"},\"image\":{\"@id\":\"https:\/\/panoramic-chatel.com\/#\/schema\/logo\/image\/\"}}]}<\/script>\n<!-- \/ Yoast SEO plugin. -->","yoast_head_json":{"title":"Appartements - Le Panoramic","robots":{"index":"index","follow":"follow","max-snippet":"max-snippet:-1","max-image-preview":"max-image-preview:large","max-video-preview":"max-video-preview:-1"},"canonical":"https:\/\/panoramic-chatel.com\/en\/appartements\/","og_locale":"en_GB","og_type":"article","og_title":"Appartements - Le Panoramic","og_description":"LOCALISATION ET ARCHITECTURE DE L&rsquo;IMMEUBLE Pour toute personne se posant la question de l&rsquo;acquisition d&rsquo;un bien l\u2019immobilier, avant tout, c\u2019est l\u2019emplacement qui compte&#8230; Ici l\u2019imm\u00e9diate proximit\u00e9 du centre-ville permet une immersion totale entre village et nature&#8230; L\u2019emplacement exceptionnel de l&rsquo;h\u00f4tel PANORAMIC et la recherche architecturale de l\u2019\u00e9poque ont \u00e9t\u00e9, un d\u00e9fi \u00e0 relever, dans la&hellip;&nbsp;Read More &raquo;Appartements","og_url":"https:\/\/panoramic-chatel.com\/en\/appartements\/","og_site_name":"Le Panoramic","article_modified_time":"2022-01-25T15:50:57+00:00","twitter_card":"summary_large_image","twitter_misc":{"Estimated reading time":"3 minutes"},"schema":{"@context":"https:\/\/schema.org","@graph":[{"@type":"WebPage","@id":"https:\/\/panoramic-chatel.com\/appartements\/","url":"https:\/\/panoramic-chatel.com\/appartements\/","name":"Appartements - Le Panoramic","isPartOf":{"@id":"https:\/\/panoramic-chatel.com\/#website"},"datePublished":"2022-01-25T15:43:51+00:00","dateModified":"2022-01-25T15:50:57+00:00","breadcrumb":{"@id":"https:\/\/panoramic-chatel.com\/appartements\/#breadcrumb"},"inLanguage":"en-GB","potentialAction":[{"@type":"ReadAction","target":["https:\/\/panoramic-chatel.com\/appartements\/"]}]},{"@type":"BreadcrumbList","@id":"https:\/\/panoramic-chatel.com\/appartements\/#breadcrumb","itemListElement":[{"@type":"ListItem","position":1,"name":"Accueil","item":"https:\/\/panoramic-chatel.com\/"},{"@type":"ListItem","position":2,"name":"Appartements"}]},{"@type":"WebSite","@id":"https:\/\/panoramic-chatel.com\/#website","url":"https:\/\/panoramic-chatel.com\/","name":"Le Panoramic","description":"R\u00e9sidence Premium Ch\u00e2tel","publisher":{"@id":"https:\/\/panoramic-chatel.com\/#organization"},"potentialAction":[{"@type":"SearchAction","target":{"@type":"EntryPoint","urlTemplate":"https:\/\/panoramic-chatel.com\/?s={search_term_string}"},"query-input":{"@type":"PropertyValueSpecification","valueRequired":true,"valueName":"search_term_string"}}],"inLanguage":"en-GB"},{"@type":"Organization","@id":"https:\/\/panoramic-chatel.com\/#organization","name":"Le Panoramic","url":"https:\/\/panoramic-chatel.com\/","logo":{"@type":"ImageObject","inLanguage":"en-GB","@id":"https:\/\/panoramic-chatel.com\/#\/schema\/logo\/image\/","url":"https:\/\/panoramic-chatel.com\/wp-content\/uploads\/2021\/10\/Logo_LEPANORAMIC_montagnes.png","contentUrl":"https:\/\/panoramic-chatel.com\/wp-content\/uploads\/2021\/10\/Logo_LEPANORAMIC_montagnes.png","width":2000,"height":1000,"caption":"Le Panoramic"},"image":{"@id":"https:\/\/panoramic-chatel.com\/#\/schema\/logo\/image\/"}}]}},"_links":{"self":[{"href":"https:\/\/panoramic-chatel.com\/en\/wp-json\/wp\/v2\/pages\/363","targetHints":{"allow":["GET"]}}],"collection":[{"href":"https:\/\/panoramic-chatel.com\/en\/wp-json\/wp\/v2\/pages"}],"about":[{"href":"https:\/\/panoramic-chatel.com\/en\/wp-json\/wp\/v2\/types\/page"}],"author":[{"embeddable":true,"href":"https:\/\/panoramic-chatel.com\/en\/wp-json\/wp\/v2\/users\/1"}],"replies":[{"embeddable":true,"href":"https:\/\/panoramic-chatel.com\/en\/wp-json\/wp\/v2\/comments?post=363"}],"version-history":[{"count":4,"href":"https:\/\/panoramic-chatel.com\/en\/wp-json\/wp\/v2\/pages\/363\/revisions"}],"predecessor-version":[{"id":420,"href":"https:\/\/panoramic-chatel.com\/en\/wp-json\/wp\/v2\/pages\/363\/revisions\/420"}],"wp:attachment":[{"href":"https:\/\/panoramic-chatel.com\/en\/wp-json\/wp\/v2\/media?parent=363"}],"curies":[{"name":"wp","href":"https:\/\/api.w.org\/{rel}","templated":true}]}}