{"id":332,"date":"2021-12-27T15:33:02","date_gmt":"2021-12-27T14:33:02","guid":{"rendered":"https:\/\/panoramic-chatel.com\/?page_id=332"},"modified":"2022-01-06T14:45:28","modified_gmt":"2022-01-06T13:45:28","slug":"n13","status":"publish","type":"page","link":"https:\/\/panoramic-chatel.com\/en\/n13\/","title":{"rendered":"N\u00b013 T5c RDJ"},"content":{"rendered":"<p><strong>Appartement de type T5C triplex de 145 m2<\/strong> (s\u00e9jour au milieu)<\/p>\n\n\n\n<p>Ce triplex, tourn\u00e9 vers les pistes du Linga et des Portes du Soleil, permet de profiter du soleil couchant et vous offre une vue fabuleuse sur le calme de la nature et la vall\u00e9e d\u2019Abondance. Ce logement est situ\u00e9 en rez de jardin de l&rsquo;immeuble et pr\u00e9sente une terrasse aux dimensions g\u00e9n\u00e9reuses.<\/p>\n\n\n\n<p>La pi\u00e8ce de vie d\u2019une surface de 52m2 se prolonge par une terrasse de 40m2 offrant une orientation Sud-Ouest. Une partie de cette terrasse pourrait \u00eatre v\u00e9g\u00e9talis\u00e9e. Vous profiterez \u00e9galement d&rsquo;un balcon filant de 13m2 et d&rsquo;une terrasse de 9m2 au niveau des chambres.<\/p>\n\n\n\n<p>La possibilit\u00e9 d&rsquo;installer un ascenseur privatif vous permettra l&rsquo;acc\u00e8s aux chambres de l&rsquo;\u00e9tage sup\u00e9rieur sans effort. Le niveau nuit sup\u00e9rieur propose 3 chambres et 3 salles de bain. Le niveau nuit inf\u00e9rieur pr\u00e9sente 1 chambre, 1 coin montagne et une salle de bain.<\/p>\n\n\n\n<p>L\u2019appartement est vendu cl\u00e9 en main avec la cuisine \u00e9quip\u00e9e (base de 5 modules de 60cm) avec plan de travail c\u00e9ramique et \u00e9lectro m\u00e9nager type SIEMENS, une cave et un casier \u00e0 ski avec s\u00e8che chaussure \u00e9lectrique.<\/p>\n\n\n\n<p>Un SPA est install\u00e9 sur le balcon terrasse.<\/p>\n\n\n\n<p>Ce logement est \u00e9quip\u00e9 d&rsquo;un po\u00eale \u00e0 bois<\/p>\n\n\n<a href=\"https:\/\/panoramic-chatel.com\/wp-content\/uploads\/2021\/12\/PANORAMIC-plan-pre-com-13.pdf\" class=\"pdfemb-viewer\" style=\"\" data-width=\"max\" data-height=\"max\" data-toolbar=\"bottom\" data-toolbar-fixed=\"off\">PANORAMIC-plan-pre-com-13<\/a>\n<p class=\"wp-block-pdfemb-pdf-embedder-viewer\"><\/p>","protected":false},"excerpt":{"rendered":"<p>Appartement de type T5C triplex de 145 m2 (s\u00e9jour au milieu) Ce triplex, tourn\u00e9 vers les pistes du Linga et des Portes du Soleil, permet de profiter du soleil couchant et vous offre une vue fabuleuse sur le calme de la nature et la vall\u00e9e d\u2019Abondance. Ce logement est situ\u00e9 en rez de jardin de&hellip;&nbsp;<a href=\"https:\/\/panoramic-chatel.com\/en\/n13\/\" rel=\"bookmark\">Read More &raquo;<span class=\"screen-reader-text\">N\u00b013 T5c RDJ<\/span><\/a><\/p>","protected":false},"author":1,"featured_media":0,"parent":0,"menu_order":0,"comment_status":"closed","ping_status":"closed","template":"","meta":{"neve_meta_sidebar":"","neve_meta_container":"","neve_meta_enable_content_width":"","neve_meta_content_width":0,"neve_meta_title_alignment":"","neve_meta_author_avatar":"","neve_post_elements_order":"","neve_meta_disable_header":"","neve_meta_disable_footer":"","neve_meta_disable_title":"","footnotes":""},"class_list":["post-332","page","type-page","status-publish","hentry"],"yoast_head":"<!-- This site is optimized with the Yoast SEO plugin v25.9 - https:\/\/yoast.com\/wordpress\/plugins\/seo\/ -->\n<title>N\u00b013 T5c RDJ - Le Panoramic<\/title>\n<meta name=\"robots\" content=\"index, follow, max-snippet:-1, max-image-preview:large, max-video-preview:-1\" \/>\n<link rel=\"canonical\" href=\"https:\/\/panoramic-chatel.com\/en\/n13\/\" \/>\n<meta property=\"og:locale\" content=\"en_GB\" \/>\n<meta property=\"og:type\" content=\"article\" \/>\n<meta property=\"og:title\" content=\"N\u00b013 T5c RDJ - Le Panoramic\" \/>\n<meta property=\"og:description\" content=\"Appartement de type T5C triplex de 145 m2 (s\u00e9jour au milieu) Ce triplex, tourn\u00e9 vers les pistes du Linga et des Portes du Soleil, permet de profiter du soleil couchant et vous offre une vue fabuleuse sur le calme de la nature et la vall\u00e9e d\u2019Abondance. Ce logement est situ\u00e9 en rez de jardin de&hellip;&nbsp;Read More &raquo;N\u00b013 T5c RDJ\" \/>\n<meta property=\"og:url\" content=\"https:\/\/panoramic-chatel.com\/en\/n13\/\" \/>\n<meta property=\"og:site_name\" content=\"Le Panoramic\" \/>\n<meta property=\"article:modified_time\" content=\"2022-01-06T13:45:28+00:00\" \/>\n<meta name=\"twitter:card\" content=\"summary_large_image\" \/>\n<meta name=\"twitter:label1\" content=\"Estimated reading time\" \/>\n\t<meta name=\"twitter:data1\" content=\"1 minute\" \/>\n<script type=\"application\/ld+json\" class=\"yoast-schema-graph\">{\"@context\":\"https:\/\/schema.org\",\"@graph\":[{\"@type\":\"WebPage\",\"@id\":\"https:\/\/panoramic-chatel.com\/n13\/\",\"url\":\"https:\/\/panoramic-chatel.com\/n13\/\",\"name\":\"N\u00b013 T5c RDJ - Le Panoramic\",\"isPartOf\":{\"@id\":\"https:\/\/panoramic-chatel.com\/#website\"},\"datePublished\":\"2021-12-27T14:33:02+00:00\",\"dateModified\":\"2022-01-06T13:45:28+00:00\",\"breadcrumb\":{\"@id\":\"https:\/\/panoramic-chatel.com\/n13\/#breadcrumb\"},\"inLanguage\":\"en-GB\",\"potentialAction\":[{\"@type\":\"ReadAction\",\"target\":[\"https:\/\/panoramic-chatel.com\/n13\/\"]}]},{\"@type\":\"BreadcrumbList\",\"@id\":\"https:\/\/panoramic-chatel.com\/n13\/#breadcrumb\",\"itemListElement\":[{\"@type\":\"ListItem\",\"position\":1,\"name\":\"Accueil\",\"item\":\"https:\/\/panoramic-chatel.com\/\"},{\"@type\":\"ListItem\",\"position\":2,\"name\":\"N\u00b013 T5c RDJ\"}]},{\"@type\":\"WebSite\",\"@id\":\"https:\/\/panoramic-chatel.com\/#website\",\"url\":\"https:\/\/panoramic-chatel.com\/\",\"name\":\"Le Panoramic\",\"description\":\"R\u00e9sidence Premium Ch\u00e2tel\",\"publisher\":{\"@id\":\"https:\/\/panoramic-chatel.com\/#organization\"},\"potentialAction\":[{\"@type\":\"SearchAction\",\"target\":{\"@type\":\"EntryPoint\",\"urlTemplate\":\"https:\/\/panoramic-chatel.com\/?s={search_term_string}\"},\"query-input\":{\"@type\":\"PropertyValueSpecification\",\"valueRequired\":true,\"valueName\":\"search_term_string\"}}],\"inLanguage\":\"en-GB\"},{\"@type\":\"Organization\",\"@id\":\"https:\/\/panoramic-chatel.com\/#organization\",\"name\":\"Le Panoramic\",\"url\":\"https:\/\/panoramic-chatel.com\/\",\"logo\":{\"@type\":\"ImageObject\",\"inLanguage\":\"en-GB\",\"@id\":\"https:\/\/panoramic-chatel.com\/#\/schema\/logo\/image\/\",\"url\":\"https:\/\/panoramic-chatel.com\/wp-content\/uploads\/2021\/10\/Logo_LEPANORAMIC_montagnes.png\",\"contentUrl\":\"https:\/\/panoramic-chatel.com\/wp-content\/uploads\/2021\/10\/Logo_LEPANORAMIC_montagnes.png\",\"width\":2000,\"height\":1000,\"caption\":\"Le Panoramic\"},\"image\":{\"@id\":\"https:\/\/panoramic-chatel.com\/#\/schema\/logo\/image\/\"}}]}<\/script>\n<!-- \/ Yoast SEO plugin. -->","yoast_head_json":{"title":"N\u00b013 T5c RDJ - Le Panoramic","robots":{"index":"index","follow":"follow","max-snippet":"max-snippet:-1","max-image-preview":"max-image-preview:large","max-video-preview":"max-video-preview:-1"},"canonical":"https:\/\/panoramic-chatel.com\/en\/n13\/","og_locale":"en_GB","og_type":"article","og_title":"N\u00b013 T5c RDJ - Le Panoramic","og_description":"Appartement de type T5C triplex de 145 m2 (s\u00e9jour au milieu) Ce triplex, tourn\u00e9 vers les pistes du Linga et des Portes du Soleil, permet de profiter du soleil couchant et vous offre une vue fabuleuse sur le calme de la nature et la vall\u00e9e d\u2019Abondance. Ce logement est situ\u00e9 en rez de jardin de&hellip;&nbsp;Read More &raquo;N\u00b013 T5c RDJ","og_url":"https:\/\/panoramic-chatel.com\/en\/n13\/","og_site_name":"Le Panoramic","article_modified_time":"2022-01-06T13:45:28+00:00","twitter_card":"summary_large_image","twitter_misc":{"Estimated reading time":"1 minute"},"schema":{"@context":"https:\/\/schema.org","@graph":[{"@type":"WebPage","@id":"https:\/\/panoramic-chatel.com\/n13\/","url":"https:\/\/panoramic-chatel.com\/n13\/","name":"N\u00b013 T5c RDJ - Le Panoramic","isPartOf":{"@id":"https:\/\/panoramic-chatel.com\/#website"},"datePublished":"2021-12-27T14:33:02+00:00","dateModified":"2022-01-06T13:45:28+00:00","breadcrumb":{"@id":"https:\/\/panoramic-chatel.com\/n13\/#breadcrumb"},"inLanguage":"en-GB","potentialAction":[{"@type":"ReadAction","target":["https:\/\/panoramic-chatel.com\/n13\/"]}]},{"@type":"BreadcrumbList","@id":"https:\/\/panoramic-chatel.com\/n13\/#breadcrumb","itemListElement":[{"@type":"ListItem","position":1,"name":"Accueil","item":"https:\/\/panoramic-chatel.com\/"},{"@type":"ListItem","position":2,"name":"N\u00b013 T5c RDJ"}]},{"@type":"WebSite","@id":"https:\/\/panoramic-chatel.com\/#website","url":"https:\/\/panoramic-chatel.com\/","name":"Le Panoramic","description":"R\u00e9sidence Premium Ch\u00e2tel","publisher":{"@id":"https:\/\/panoramic-chatel.com\/#organization"},"potentialAction":[{"@type":"SearchAction","target":{"@type":"EntryPoint","urlTemplate":"https:\/\/panoramic-chatel.com\/?s={search_term_string}"},"query-input":{"@type":"PropertyValueSpecification","valueRequired":true,"valueName":"search_term_string"}}],"inLanguage":"en-GB"},{"@type":"Organization","@id":"https:\/\/panoramic-chatel.com\/#organization","name":"Le Panoramic","url":"https:\/\/panoramic-chatel.com\/","logo":{"@type":"ImageObject","inLanguage":"en-GB","@id":"https:\/\/panoramic-chatel.com\/#\/schema\/logo\/image\/","url":"https:\/\/panoramic-chatel.com\/wp-content\/uploads\/2021\/10\/Logo_LEPANORAMIC_montagnes.png","contentUrl":"https:\/\/panoramic-chatel.com\/wp-content\/uploads\/2021\/10\/Logo_LEPANORAMIC_montagnes.png","width":2000,"height":1000,"caption":"Le Panoramic"},"image":{"@id":"https:\/\/panoramic-chatel.com\/#\/schema\/logo\/image\/"}}]}},"_links":{"self":[{"href":"https:\/\/panoramic-chatel.com\/en\/wp-json\/wp\/v2\/pages\/332","targetHints":{"allow":["GET"]}}],"collection":[{"href":"https:\/\/panoramic-chatel.com\/en\/wp-json\/wp\/v2\/pages"}],"about":[{"href":"https:\/\/panoramic-chatel.com\/en\/wp-json\/wp\/v2\/types\/page"}],"author":[{"embeddable":true,"href":"https:\/\/panoramic-chatel.com\/en\/wp-json\/wp\/v2\/users\/1"}],"replies":[{"embeddable":true,"href":"https:\/\/panoramic-chatel.com\/en\/wp-json\/wp\/v2\/comments?post=332"}],"version-history":[{"count":3,"href":"https:\/\/panoramic-chatel.com\/en\/wp-json\/wp\/v2\/pages\/332\/revisions"}],"predecessor-version":[{"id":403,"href":"https:\/\/panoramic-chatel.com\/en\/wp-json\/wp\/v2\/pages\/332\/revisions\/403"}],"wp:attachment":[{"href":"https:\/\/panoramic-chatel.com\/en\/wp-json\/wp\/v2\/media?parent=332"}],"curies":[{"name":"wp","href":"https:\/\/api.w.org\/{rel}","templated":true}]}}