{"id":322,"date":"2021-12-27T15:31:01","date_gmt":"2021-12-27T14:31:01","guid":{"rendered":"https:\/\/panoramic-chatel.com\/?page_id=322"},"modified":"2022-01-06T14:41:48","modified_gmt":"2022-01-06T13:41:48","slug":"n8","status":"publish","type":"page","link":"https:\/\/panoramic-chatel.com\/en\/n8\/","title":{"rendered":"N\u00b08 T5c RDC"},"content":{"rendered":"<p><strong>Appartement de type 5C duplex invers\u00e9 de 162 m2<\/strong><\/p>\n\n\n\n<p>Ce duplex invers\u00e9, tourn\u00e9 vers les pistes du Linga et des Portes du Soleil, permet de profiter du soleil couchant et vous offre une vue fabuleuse sur le calme de la nature et la vall\u00e9e d\u2019Abondance.<\/p>\n\n\n\n<p>Ce logement est situ\u00e9 en dernier \u00e9tage et est accessible directement depuis le rez-de-chauss\u00e9e de l&rsquo;immeuble.<\/p>\n\n\n\n<p>La pi\u00e8ce de vie d\u2019une surface de 65m2 pr\u00e9sente un beau volume laissant appara\u00eetre les \u00e9l\u00e9ments de charpente. Ce s\u00e9jour se prolonge par une terrasse de 20m2 offrant une orientation Sud-Ouest. Vous profiterez \u00e9galement d&rsquo;un balcon filant de 9m2 au niveau des chambres.<\/p>\n\n\n\n<p>La possibilit\u00e9 d&rsquo;installer un ascenseur privatif vous permettra l&rsquo;acc\u00e8s aux chambres sans effort. Le niveau nuit propose 3 chambres, un coin montagne et 2 salles de bain. Ce logement propose \u00e9galement une belle suite parentale de plain pied avec le niveau du s\u00e9jour.<\/p>\n\n\n\n<p>L\u2019appartement est vendu cl\u00e9 en main avec la cuisine \u00e9quip\u00e9e (base de 5 modules de 60cm) avec plan de travail c\u00e9ramique et \u00e9lectro m\u00e9nager type SIEMENS, une cave et un casier \u00e0 ski avec s\u00e8che chaussure \u00e9lectrique.<\/p>\n\n\n\n<p>Un SPA est install\u00e9 sur le balcon terrasse. Ce logement est \u00e9quip\u00e9 d&rsquo;un po\u00eale \u00e0 bois<\/p>\n\n\n<a href=\"https:\/\/panoramic-chatel.com\/wp-content\/uploads\/2021\/12\/PANORAMIC-plan-pre-com-8.pdf\" class=\"pdfemb-viewer\" style=\"\" data-width=\"max\" data-height=\"max\" data-toolbar=\"bottom\" data-toolbar-fixed=\"off\">PANORAMIC-plan-pre-com-8<\/a>\n<p class=\"wp-block-pdfemb-pdf-embedder-viewer\"><\/p>","protected":false},"excerpt":{"rendered":"<p>Appartement de type 5C duplex invers\u00e9 de 162 m2 Ce duplex invers\u00e9, tourn\u00e9 vers les pistes du Linga et des Portes du Soleil, permet de profiter du soleil couchant et vous offre une vue fabuleuse sur le calme de la nature et la vall\u00e9e d\u2019Abondance. Ce logement est situ\u00e9 en dernier \u00e9tage et est accessible&hellip;&nbsp;<a href=\"https:\/\/panoramic-chatel.com\/en\/n8\/\" rel=\"bookmark\">Read More &raquo;<span class=\"screen-reader-text\">N\u00b08 T5c RDC<\/span><\/a><\/p>","protected":false},"author":1,"featured_media":0,"parent":0,"menu_order":0,"comment_status":"closed","ping_status":"closed","template":"","meta":{"neve_meta_sidebar":"","neve_meta_container":"","neve_meta_enable_content_width":"","neve_meta_content_width":0,"neve_meta_title_alignment":"","neve_meta_author_avatar":"","neve_post_elements_order":"","neve_meta_disable_header":"","neve_meta_disable_footer":"","neve_meta_disable_title":"","footnotes":""},"class_list":["post-322","page","type-page","status-publish","hentry"],"yoast_head":"<!-- This site is optimized with the Yoast SEO plugin v25.9 - https:\/\/yoast.com\/wordpress\/plugins\/seo\/ -->\n<title>N\u00b08 T5c RDC - Le Panoramic<\/title>\n<meta name=\"robots\" content=\"index, follow, max-snippet:-1, max-image-preview:large, max-video-preview:-1\" \/>\n<link rel=\"canonical\" href=\"https:\/\/panoramic-chatel.com\/en\/n8\/\" \/>\n<meta property=\"og:locale\" content=\"en_GB\" \/>\n<meta property=\"og:type\" content=\"article\" \/>\n<meta property=\"og:title\" content=\"N\u00b08 T5c RDC - Le Panoramic\" \/>\n<meta property=\"og:description\" content=\"Appartement de type 5C duplex invers\u00e9 de 162 m2 Ce duplex invers\u00e9, tourn\u00e9 vers les pistes du Linga et des Portes du Soleil, permet de profiter du soleil couchant et vous offre une vue fabuleuse sur le calme de la nature et la vall\u00e9e d\u2019Abondance. Ce logement est situ\u00e9 en dernier \u00e9tage et est accessible&hellip;&nbsp;Read More &raquo;N\u00b08 T5c RDC\" \/>\n<meta property=\"og:url\" content=\"https:\/\/panoramic-chatel.com\/en\/n8\/\" \/>\n<meta property=\"og:site_name\" content=\"Le Panoramic\" \/>\n<meta property=\"article:modified_time\" content=\"2022-01-06T13:41:48+00:00\" \/>\n<meta name=\"twitter:card\" content=\"summary_large_image\" \/>\n<meta name=\"twitter:label1\" content=\"Estimated reading time\" \/>\n\t<meta name=\"twitter:data1\" content=\"1 minute\" \/>\n<script type=\"application\/ld+json\" class=\"yoast-schema-graph\">{\"@context\":\"https:\/\/schema.org\",\"@graph\":[{\"@type\":\"WebPage\",\"@id\":\"https:\/\/panoramic-chatel.com\/n8\/\",\"url\":\"https:\/\/panoramic-chatel.com\/n8\/\",\"name\":\"N\u00b08 T5c RDC - Le Panoramic\",\"isPartOf\":{\"@id\":\"https:\/\/panoramic-chatel.com\/#website\"},\"datePublished\":\"2021-12-27T14:31:01+00:00\",\"dateModified\":\"2022-01-06T13:41:48+00:00\",\"breadcrumb\":{\"@id\":\"https:\/\/panoramic-chatel.com\/n8\/#breadcrumb\"},\"inLanguage\":\"en-GB\",\"potentialAction\":[{\"@type\":\"ReadAction\",\"target\":[\"https:\/\/panoramic-chatel.com\/n8\/\"]}]},{\"@type\":\"BreadcrumbList\",\"@id\":\"https:\/\/panoramic-chatel.com\/n8\/#breadcrumb\",\"itemListElement\":[{\"@type\":\"ListItem\",\"position\":1,\"name\":\"Accueil\",\"item\":\"https:\/\/panoramic-chatel.com\/\"},{\"@type\":\"ListItem\",\"position\":2,\"name\":\"N\u00b08 T5c RDC\"}]},{\"@type\":\"WebSite\",\"@id\":\"https:\/\/panoramic-chatel.com\/#website\",\"url\":\"https:\/\/panoramic-chatel.com\/\",\"name\":\"Le Panoramic\",\"description\":\"R\u00e9sidence Premium Ch\u00e2tel\",\"publisher\":{\"@id\":\"https:\/\/panoramic-chatel.com\/#organization\"},\"potentialAction\":[{\"@type\":\"SearchAction\",\"target\":{\"@type\":\"EntryPoint\",\"urlTemplate\":\"https:\/\/panoramic-chatel.com\/?s={search_term_string}\"},\"query-input\":{\"@type\":\"PropertyValueSpecification\",\"valueRequired\":true,\"valueName\":\"search_term_string\"}}],\"inLanguage\":\"en-GB\"},{\"@type\":\"Organization\",\"@id\":\"https:\/\/panoramic-chatel.com\/#organization\",\"name\":\"Le Panoramic\",\"url\":\"https:\/\/panoramic-chatel.com\/\",\"logo\":{\"@type\":\"ImageObject\",\"inLanguage\":\"en-GB\",\"@id\":\"https:\/\/panoramic-chatel.com\/#\/schema\/logo\/image\/\",\"url\":\"https:\/\/panoramic-chatel.com\/wp-content\/uploads\/2021\/10\/Logo_LEPANORAMIC_montagnes.png\",\"contentUrl\":\"https:\/\/panoramic-chatel.com\/wp-content\/uploads\/2021\/10\/Logo_LEPANORAMIC_montagnes.png\",\"width\":2000,\"height\":1000,\"caption\":\"Le Panoramic\"},\"image\":{\"@id\":\"https:\/\/panoramic-chatel.com\/#\/schema\/logo\/image\/\"}}]}<\/script>\n<!-- \/ Yoast SEO plugin. -->","yoast_head_json":{"title":"N\u00b08 T5c RDC - Le Panoramic","robots":{"index":"index","follow":"follow","max-snippet":"max-snippet:-1","max-image-preview":"max-image-preview:large","max-video-preview":"max-video-preview:-1"},"canonical":"https:\/\/panoramic-chatel.com\/en\/n8\/","og_locale":"en_GB","og_type":"article","og_title":"N\u00b08 T5c RDC - Le Panoramic","og_description":"Appartement de type 5C duplex invers\u00e9 de 162 m2 Ce duplex invers\u00e9, tourn\u00e9 vers les pistes du Linga et des Portes du Soleil, permet de profiter du soleil couchant et vous offre une vue fabuleuse sur le calme de la nature et la vall\u00e9e d\u2019Abondance. Ce logement est situ\u00e9 en dernier \u00e9tage et est accessible&hellip;&nbsp;Read More &raquo;N\u00b08 T5c RDC","og_url":"https:\/\/panoramic-chatel.com\/en\/n8\/","og_site_name":"Le Panoramic","article_modified_time":"2022-01-06T13:41:48+00:00","twitter_card":"summary_large_image","twitter_misc":{"Estimated reading time":"1 minute"},"schema":{"@context":"https:\/\/schema.org","@graph":[{"@type":"WebPage","@id":"https:\/\/panoramic-chatel.com\/n8\/","url":"https:\/\/panoramic-chatel.com\/n8\/","name":"N\u00b08 T5c RDC - Le Panoramic","isPartOf":{"@id":"https:\/\/panoramic-chatel.com\/#website"},"datePublished":"2021-12-27T14:31:01+00:00","dateModified":"2022-01-06T13:41:48+00:00","breadcrumb":{"@id":"https:\/\/panoramic-chatel.com\/n8\/#breadcrumb"},"inLanguage":"en-GB","potentialAction":[{"@type":"ReadAction","target":["https:\/\/panoramic-chatel.com\/n8\/"]}]},{"@type":"BreadcrumbList","@id":"https:\/\/panoramic-chatel.com\/n8\/#breadcrumb","itemListElement":[{"@type":"ListItem","position":1,"name":"Accueil","item":"https:\/\/panoramic-chatel.com\/"},{"@type":"ListItem","position":2,"name":"N\u00b08 T5c RDC"}]},{"@type":"WebSite","@id":"https:\/\/panoramic-chatel.com\/#website","url":"https:\/\/panoramic-chatel.com\/","name":"Le Panoramic","description":"R\u00e9sidence Premium Ch\u00e2tel","publisher":{"@id":"https:\/\/panoramic-chatel.com\/#organization"},"potentialAction":[{"@type":"SearchAction","target":{"@type":"EntryPoint","urlTemplate":"https:\/\/panoramic-chatel.com\/?s={search_term_string}"},"query-input":{"@type":"PropertyValueSpecification","valueRequired":true,"valueName":"search_term_string"}}],"inLanguage":"en-GB"},{"@type":"Organization","@id":"https:\/\/panoramic-chatel.com\/#organization","name":"Le Panoramic","url":"https:\/\/panoramic-chatel.com\/","logo":{"@type":"ImageObject","inLanguage":"en-GB","@id":"https:\/\/panoramic-chatel.com\/#\/schema\/logo\/image\/","url":"https:\/\/panoramic-chatel.com\/wp-content\/uploads\/2021\/10\/Logo_LEPANORAMIC_montagnes.png","contentUrl":"https:\/\/panoramic-chatel.com\/wp-content\/uploads\/2021\/10\/Logo_LEPANORAMIC_montagnes.png","width":2000,"height":1000,"caption":"Le Panoramic"},"image":{"@id":"https:\/\/panoramic-chatel.com\/#\/schema\/logo\/image\/"}}]}},"_links":{"self":[{"href":"https:\/\/panoramic-chatel.com\/en\/wp-json\/wp\/v2\/pages\/322","targetHints":{"allow":["GET"]}}],"collection":[{"href":"https:\/\/panoramic-chatel.com\/en\/wp-json\/wp\/v2\/pages"}],"about":[{"href":"https:\/\/panoramic-chatel.com\/en\/wp-json\/wp\/v2\/types\/page"}],"author":[{"embeddable":true,"href":"https:\/\/panoramic-chatel.com\/en\/wp-json\/wp\/v2\/users\/1"}],"replies":[{"embeddable":true,"href":"https:\/\/panoramic-chatel.com\/en\/wp-json\/wp\/v2\/comments?post=322"}],"version-history":[{"count":4,"href":"https:\/\/panoramic-chatel.com\/en\/wp-json\/wp\/v2\/pages\/322\/revisions"}],"predecessor-version":[{"id":398,"href":"https:\/\/panoramic-chatel.com\/en\/wp-json\/wp\/v2\/pages\/322\/revisions\/398"}],"wp:attachment":[{"href":"https:\/\/panoramic-chatel.com\/en\/wp-json\/wp\/v2\/media?parent=322"}],"curies":[{"name":"wp","href":"https:\/\/api.w.org\/{rel}","templated":true}]}}