{"id":183,"date":"2021-12-14T12:00:39","date_gmt":"2021-12-14T11:00:39","guid":{"rendered":"https:\/\/panoramic-chatel.com\/?page_id=183"},"modified":"2021-12-27T15:14:41","modified_gmt":"2021-12-27T14:14:41","slug":"le-mot-de-larchitecte-2","status":"publish","type":"page","link":"https:\/\/panoramic-chatel.com\/en\/plaquette\/le-mot-de-larchitecte-2\/","title":{"rendered":"Le mot de l&rsquo;architecte"},"content":{"rendered":"<p><img loading=\"lazy\" decoding=\"async\" class=\"aligncenter size-full wp-image-285\" src=\"https:\/\/panoramic-chatel.com\/wp-content\/uploads\/2021\/12\/plaquette-en-05.png\" alt=\"\" width=\"1292\" height=\"903\" srcset=\"https:\/\/panoramic-chatel.com\/wp-content\/uploads\/2021\/12\/plaquette-en-05.png 1292w, https:\/\/panoramic-chatel.com\/wp-content\/uploads\/2021\/12\/plaquette-en-05-300x206.png 300w, https:\/\/panoramic-chatel.com\/wp-content\/uploads\/2021\/12\/plaquette-en-05-1024x704.png 1024w, https:\/\/panoramic-chatel.com\/wp-content\/uploads\/2021\/12\/plaquette-en-05-768x528.png 768w, https:\/\/panoramic-chatel.com\/wp-content\/uploads\/2021\/12\/plaquette-en-05-18x12.png 18w\" sizes=\"auto, (max-width: 1292px) 100vw, 1292px\" \/><\/p>\n<p>All real estate professionals know it, what counts first and foremost in the field, is location...Here the immediate proximity to the village center allows for total immersion between the vibrant village and its Alpine mountain nature.<\/p>\n<p>The exceptional location of LE PANORAMIC and the architectural research of the time period have been for us, architects, a challenge which we took to heart.<\/p>\n<p>We had to tailor the project and its apartments to the current lifestyle and demands whilst maintaining its original spirit.<\/p>\n<p>The initial large, sun-kissed fa\u00e7ade is rare within \nthe station; its seniority and the regulation of urban planning in the 60\u2019s allowed for this specific implantation, which is why we maintained it.<\/p>\n<p>The extended balconies, evidence of tremendous \nmodernity for the time and still relevant today, were maintained, we chose to use steel and wood in order to keep the modernist architectural feel.<\/p>\n<p>Along Linga road, the building and its fa\u00e7ade were totally remodeled with gable roofs and lumber to honor the typical and traditional Abondance Valley architecture.<\/p>\n<p>Finally, in order to bring residents an increased \nsense of well-being, we offer duplex units providing each apartment with ideal exposure and generous terraces to reach the standards of this magnificent project.<\/p>","protected":false},"excerpt":{"rendered":"<p>Tous les professionnels de l\u2019immobilier le savent, ce qui compte avant tout en la mati\u00e8re, c\u2019est l\u2019emplacement\u2026 Ici l\u2019imm\u00e9diate proximit\u00e9 du centre-ville permet une immersion totale entre village et nature\u2026 L\u2019emplacement exceptionnel du PANORAMIC et la recherche architecturale de l\u2019\u00e9poque ont \u00e9t\u00e9 pour nous, architectes, un d\u00e9fi que nous avons eu \u00e0 c\u0153ur de relever.&hellip;&nbsp;<a href=\"https:\/\/panoramic-chatel.com\/en\/plaquette\/le-mot-de-larchitecte-2\/\" rel=\"bookmark\">Read More &raquo;<span class=\"screen-reader-text\">Le mot de l&rsquo;architecte<\/span><\/a><\/p>","protected":false},"author":1,"featured_media":0,"parent":173,"menu_order":0,"comment_status":"closed","ping_status":"closed","template":"","meta":{"neve_meta_sidebar":"","neve_meta_container":"","neve_meta_enable_content_width":"","neve_meta_content_width":0,"neve_meta_title_alignment":"","neve_meta_author_avatar":"","neve_post_elements_order":"","neve_meta_disable_header":"","neve_meta_disable_footer":"","neve_meta_disable_title":"on","footnotes":""},"class_list":["post-183","page","type-page","status-publish","hentry"],"yoast_head":"<!-- This site is optimized with the Yoast SEO plugin v25.9 - https:\/\/yoast.com\/wordpress\/plugins\/seo\/ -->\n<title>Le mot de l&#039;architecte - Le Panoramic<\/title>\n<meta name=\"robots\" content=\"index, follow, max-snippet:-1, max-image-preview:large, max-video-preview:-1\" \/>\n<link rel=\"canonical\" href=\"https:\/\/panoramic-chatel.com\/en\/plaquette\/le-mot-de-larchitecte-2\/\" \/>\n<meta property=\"og:locale\" content=\"en_GB\" \/>\n<meta property=\"og:type\" content=\"article\" \/>\n<meta property=\"og:title\" content=\"Le mot de l&#039;architecte - Le Panoramic\" \/>\n<meta property=\"og:description\" content=\"Tous les professionnels de l\u2019immobilier le savent, ce qui compte avant tout en la mati\u00e8re, c\u2019est l\u2019emplacement\u2026 Ici l\u2019imm\u00e9diate proximit\u00e9 du centre-ville permet une immersion totale entre village et nature\u2026 L\u2019emplacement exceptionnel du PANORAMIC et la recherche architecturale de l\u2019\u00e9poque ont \u00e9t\u00e9 pour nous, architectes, un d\u00e9fi que nous avons eu \u00e0 c\u0153ur de relever.&hellip;&nbsp;Read More &raquo;Le mot de l&rsquo;architecte\" \/>\n<meta property=\"og:url\" content=\"https:\/\/panoramic-chatel.com\/en\/plaquette\/le-mot-de-larchitecte-2\/\" \/>\n<meta property=\"og:site_name\" content=\"Le Panoramic\" \/>\n<meta property=\"article:modified_time\" content=\"2021-12-27T14:14:41+00:00\" \/>\n<meta property=\"og:image\" content=\"https:\/\/panoramic-chatel.com\/wp-content\/uploads\/2021\/12\/plaquette-fr-05.png\" \/>\n<meta name=\"twitter:card\" content=\"summary_large_image\" \/>\n<meta name=\"twitter:label1\" content=\"Estimated reading time\" \/>\n\t<meta name=\"twitter:data1\" content=\"1 minute\" \/>\n<script type=\"application\/ld+json\" class=\"yoast-schema-graph\">{\"@context\":\"https:\/\/schema.org\",\"@graph\":[{\"@type\":\"WebPage\",\"@id\":\"https:\/\/panoramic-chatel.com\/plaquette\/le-mot-de-larchitecte-2\/\",\"url\":\"https:\/\/panoramic-chatel.com\/plaquette\/le-mot-de-larchitecte-2\/\",\"name\":\"Le mot de l'architecte - Le Panoramic\",\"isPartOf\":{\"@id\":\"https:\/\/panoramic-chatel.com\/#website\"},\"primaryImageOfPage\":{\"@id\":\"https:\/\/panoramic-chatel.com\/plaquette\/le-mot-de-larchitecte-2\/#primaryimage\"},\"image\":{\"@id\":\"https:\/\/panoramic-chatel.com\/plaquette\/le-mot-de-larchitecte-2\/#primaryimage\"},\"thumbnailUrl\":\"https:\/\/panoramic-chatel.com\/wp-content\/uploads\/2021\/12\/plaquette-fr-05.png\",\"datePublished\":\"2021-12-14T11:00:39+00:00\",\"dateModified\":\"2021-12-27T14:14:41+00:00\",\"breadcrumb\":{\"@id\":\"https:\/\/panoramic-chatel.com\/plaquette\/le-mot-de-larchitecte-2\/#breadcrumb\"},\"inLanguage\":\"en-GB\",\"potentialAction\":[{\"@type\":\"ReadAction\",\"target\":[\"https:\/\/panoramic-chatel.com\/plaquette\/le-mot-de-larchitecte-2\/\"]}]},{\"@type\":\"ImageObject\",\"inLanguage\":\"en-GB\",\"@id\":\"https:\/\/panoramic-chatel.com\/plaquette\/le-mot-de-larchitecte-2\/#primaryimage\",\"url\":\"https:\/\/panoramic-chatel.com\/wp-content\/uploads\/2021\/12\/plaquette-fr-05.png\",\"contentUrl\":\"https:\/\/panoramic-chatel.com\/wp-content\/uploads\/2021\/12\/plaquette-fr-05.png\"},{\"@type\":\"BreadcrumbList\",\"@id\":\"https:\/\/panoramic-chatel.com\/plaquette\/le-mot-de-larchitecte-2\/#breadcrumb\",\"itemListElement\":[{\"@type\":\"ListItem\",\"position\":1,\"name\":\"Accueil\",\"item\":\"https:\/\/panoramic-chatel.com\/\"},{\"@type\":\"ListItem\",\"position\":2,\"name\":\"Plaquette\",\"item\":\"https:\/\/panoramic-chatel.com\/plaquette\/\"},{\"@type\":\"ListItem\",\"position\":3,\"name\":\"Le mot de l&rsquo;architecte\"}]},{\"@type\":\"WebSite\",\"@id\":\"https:\/\/panoramic-chatel.com\/#website\",\"url\":\"https:\/\/panoramic-chatel.com\/\",\"name\":\"Le Panoramic\",\"description\":\"R\u00e9sidence Premium Ch\u00e2tel\",\"publisher\":{\"@id\":\"https:\/\/panoramic-chatel.com\/#organization\"},\"potentialAction\":[{\"@type\":\"SearchAction\",\"target\":{\"@type\":\"EntryPoint\",\"urlTemplate\":\"https:\/\/panoramic-chatel.com\/?s={search_term_string}\"},\"query-input\":{\"@type\":\"PropertyValueSpecification\",\"valueRequired\":true,\"valueName\":\"search_term_string\"}}],\"inLanguage\":\"en-GB\"},{\"@type\":\"Organization\",\"@id\":\"https:\/\/panoramic-chatel.com\/#organization\",\"name\":\"Le Panoramic\",\"url\":\"https:\/\/panoramic-chatel.com\/\",\"logo\":{\"@type\":\"ImageObject\",\"inLanguage\":\"en-GB\",\"@id\":\"https:\/\/panoramic-chatel.com\/#\/schema\/logo\/image\/\",\"url\":\"https:\/\/panoramic-chatel.com\/wp-content\/uploads\/2021\/10\/Logo_LEPANORAMIC_montagnes.png\",\"contentUrl\":\"https:\/\/panoramic-chatel.com\/wp-content\/uploads\/2021\/10\/Logo_LEPANORAMIC_montagnes.png\",\"width\":2000,\"height\":1000,\"caption\":\"Le Panoramic\"},\"image\":{\"@id\":\"https:\/\/panoramic-chatel.com\/#\/schema\/logo\/image\/\"}}]}<\/script>\n<!-- \/ Yoast SEO plugin. -->","yoast_head_json":{"title":"Le mot de l'architecte - Le Panoramic","robots":{"index":"index","follow":"follow","max-snippet":"max-snippet:-1","max-image-preview":"max-image-preview:large","max-video-preview":"max-video-preview:-1"},"canonical":"https:\/\/panoramic-chatel.com\/en\/plaquette\/le-mot-de-larchitecte-2\/","og_locale":"en_GB","og_type":"article","og_title":"Le mot de l'architecte - Le Panoramic","og_description":"Tous les professionnels de l\u2019immobilier le savent, ce qui compte avant tout en la mati\u00e8re, c\u2019est l\u2019emplacement\u2026 Ici l\u2019imm\u00e9diate proximit\u00e9 du centre-ville permet une immersion totale entre village et nature\u2026 L\u2019emplacement exceptionnel du PANORAMIC et la recherche architecturale de l\u2019\u00e9poque ont \u00e9t\u00e9 pour nous, architectes, un d\u00e9fi que nous avons eu \u00e0 c\u0153ur de relever.&hellip;&nbsp;Read More &raquo;Le mot de l&rsquo;architecte","og_url":"https:\/\/panoramic-chatel.com\/en\/plaquette\/le-mot-de-larchitecte-2\/","og_site_name":"Le Panoramic","article_modified_time":"2021-12-27T14:14:41+00:00","og_image":[{"url":"https:\/\/panoramic-chatel.com\/wp-content\/uploads\/2021\/12\/plaquette-fr-05.png","type":"","width":"","height":""}],"twitter_card":"summary_large_image","twitter_misc":{"Estimated reading time":"1 minute"},"schema":{"@context":"https:\/\/schema.org","@graph":[{"@type":"WebPage","@id":"https:\/\/panoramic-chatel.com\/plaquette\/le-mot-de-larchitecte-2\/","url":"https:\/\/panoramic-chatel.com\/plaquette\/le-mot-de-larchitecte-2\/","name":"Le mot de l'architecte - Le Panoramic","isPartOf":{"@id":"https:\/\/panoramic-chatel.com\/#website"},"primaryImageOfPage":{"@id":"https:\/\/panoramic-chatel.com\/plaquette\/le-mot-de-larchitecte-2\/#primaryimage"},"image":{"@id":"https:\/\/panoramic-chatel.com\/plaquette\/le-mot-de-larchitecte-2\/#primaryimage"},"thumbnailUrl":"https:\/\/panoramic-chatel.com\/wp-content\/uploads\/2021\/12\/plaquette-fr-05.png","datePublished":"2021-12-14T11:00:39+00:00","dateModified":"2021-12-27T14:14:41+00:00","breadcrumb":{"@id":"https:\/\/panoramic-chatel.com\/plaquette\/le-mot-de-larchitecte-2\/#breadcrumb"},"inLanguage":"en-GB","potentialAction":[{"@type":"ReadAction","target":["https:\/\/panoramic-chatel.com\/plaquette\/le-mot-de-larchitecte-2\/"]}]},{"@type":"ImageObject","inLanguage":"en-GB","@id":"https:\/\/panoramic-chatel.com\/plaquette\/le-mot-de-larchitecte-2\/#primaryimage","url":"https:\/\/panoramic-chatel.com\/wp-content\/uploads\/2021\/12\/plaquette-fr-05.png","contentUrl":"https:\/\/panoramic-chatel.com\/wp-content\/uploads\/2021\/12\/plaquette-fr-05.png"},{"@type":"BreadcrumbList","@id":"https:\/\/panoramic-chatel.com\/plaquette\/le-mot-de-larchitecte-2\/#breadcrumb","itemListElement":[{"@type":"ListItem","position":1,"name":"Accueil","item":"https:\/\/panoramic-chatel.com\/"},{"@type":"ListItem","position":2,"name":"Plaquette","item":"https:\/\/panoramic-chatel.com\/plaquette\/"},{"@type":"ListItem","position":3,"name":"Le mot de l&rsquo;architecte"}]},{"@type":"WebSite","@id":"https:\/\/panoramic-chatel.com\/#website","url":"https:\/\/panoramic-chatel.com\/","name":"Le Panoramic","description":"R\u00e9sidence Premium Ch\u00e2tel","publisher":{"@id":"https:\/\/panoramic-chatel.com\/#organization"},"potentialAction":[{"@type":"SearchAction","target":{"@type":"EntryPoint","urlTemplate":"https:\/\/panoramic-chatel.com\/?s={search_term_string}"},"query-input":{"@type":"PropertyValueSpecification","valueRequired":true,"valueName":"search_term_string"}}],"inLanguage":"en-GB"},{"@type":"Organization","@id":"https:\/\/panoramic-chatel.com\/#organization","name":"Le Panoramic","url":"https:\/\/panoramic-chatel.com\/","logo":{"@type":"ImageObject","inLanguage":"en-GB","@id":"https:\/\/panoramic-chatel.com\/#\/schema\/logo\/image\/","url":"https:\/\/panoramic-chatel.com\/wp-content\/uploads\/2021\/10\/Logo_LEPANORAMIC_montagnes.png","contentUrl":"https:\/\/panoramic-chatel.com\/wp-content\/uploads\/2021\/10\/Logo_LEPANORAMIC_montagnes.png","width":2000,"height":1000,"caption":"Le Panoramic"},"image":{"@id":"https:\/\/panoramic-chatel.com\/#\/schema\/logo\/image\/"}}]}},"_links":{"self":[{"href":"https:\/\/panoramic-chatel.com\/en\/wp-json\/wp\/v2\/pages\/183","targetHints":{"allow":["GET"]}}],"collection":[{"href":"https:\/\/panoramic-chatel.com\/en\/wp-json\/wp\/v2\/pages"}],"about":[{"href":"https:\/\/panoramic-chatel.com\/en\/wp-json\/wp\/v2\/types\/page"}],"author":[{"embeddable":true,"href":"https:\/\/panoramic-chatel.com\/en\/wp-json\/wp\/v2\/users\/1"}],"replies":[{"embeddable":true,"href":"https:\/\/panoramic-chatel.com\/en\/wp-json\/wp\/v2\/comments?post=183"}],"version-history":[{"count":3,"href":"https:\/\/panoramic-chatel.com\/en\/wp-json\/wp\/v2\/pages\/183\/revisions"}],"predecessor-version":[{"id":290,"href":"https:\/\/panoramic-chatel.com\/en\/wp-json\/wp\/v2\/pages\/183\/revisions\/290"}],"up":[{"embeddable":true,"href":"https:\/\/panoramic-chatel.com\/en\/wp-json\/wp\/v2\/pages\/173"}],"wp:attachment":[{"href":"https:\/\/panoramic-chatel.com\/en\/wp-json\/wp\/v2\/media?parent=183"}],"curies":[{"name":"wp","href":"https:\/\/api.w.org\/{rel}","templated":true}]}}