{"id":176,"date":"2021-12-14T11:57:42","date_gmt":"2021-12-14T10:57:42","guid":{"rendered":"https:\/\/panoramic-chatel.com\/?page_id=176"},"modified":"2021-12-27T15:11:23","modified_gmt":"2021-12-27T14:11:23","slug":"the-place-to-be","status":"publish","type":"page","link":"https:\/\/panoramic-chatel.com\/en\/plaquette\/the-place-to-be\/","title":{"rendered":"The place to be"},"content":{"rendered":"<p><img loading=\"lazy\" decoding=\"async\" class=\"aligncenter size-full wp-image-284\" src=\"https:\/\/panoramic-chatel.com\/wp-content\/uploads\/2021\/12\/plaquette-en-04.png\" alt=\"\" width=\"1293\" height=\"915\" srcset=\"https:\/\/panoramic-chatel.com\/wp-content\/uploads\/2021\/12\/plaquette-en-04.png 1291w, https:\/\/panoramic-chatel.com\/wp-content\/uploads\/2021\/12\/plaquette-en-04-300x204.png 300w, https:\/\/panoramic-chatel.com\/wp-content\/uploads\/2021\/12\/plaquette-en-04-1024x695.png 1024w, https:\/\/panoramic-chatel.com\/wp-content\/uploads\/2021\/12\/plaquette-en-04-768x521.png 768w, https:\/\/panoramic-chatel.com\/wp-content\/uploads\/2021\/12\/plaquette-en-04-18x12.png 18w\" sizes=\"auto, (max-width: 1293px) 100vw, 1293px\" \/><\/p>\n<p>Its  geographical location in the heart of the Portes du Soleil domain, 5 minutes from the Swiss border, close access to the motorway, TGV, Geneva and Sion airports, confers a major asset as an investment property with high rental and \nresale potential.<\/p>\n<p>Summer and winter, in an authentic and vibrant village station, you\u2019ll enjoy many sports and leisure activities throughout all seasons : skiing, biking, paragliding, golf, tennis, hiking, escalading, swimming, canyoneering, rafting, kayaking, Fantasticable, adventure tour, etc.<\/p>\n<p>Close to world renowned museums : Chaplin\u2019s World (Vevey), Fondation Pierre Gianadda (Martigny) and cities offering diverse cultural attractions such as Evian and Lausanne<\/p>","protected":false},"excerpt":{"rendered":"<p>La situation g\u00e9ographique au c\u0153ur du domaine des Portes du Soleil, \u00e0 5 minutes de la Suisse, proche de l\u2019acc\u00e8s autoroutier, du TGV, des a\u00e9roports de Gen\u00e8ve et de Sion, conf\u00e8re au PANORAMIC un atout majeur pour un investissement immobilier avec un fort potentiel de location et de revente. Et\u00e9 comme hiver, dans une station&hellip;&nbsp;<a href=\"https:\/\/panoramic-chatel.com\/en\/plaquette\/the-place-to-be\/\" rel=\"bookmark\">Read More &raquo;<span class=\"screen-reader-text\">The place to be<\/span><\/a><\/p>","protected":false},"author":1,"featured_media":0,"parent":173,"menu_order":0,"comment_status":"closed","ping_status":"closed","template":"","meta":{"neve_meta_sidebar":"","neve_meta_container":"","neve_meta_enable_content_width":"","neve_meta_content_width":0,"neve_meta_title_alignment":"","neve_meta_author_avatar":"","neve_post_elements_order":"","neve_meta_disable_header":"","neve_meta_disable_footer":"","neve_meta_disable_title":"on","footnotes":""},"class_list":["post-176","page","type-page","status-publish","hentry"],"yoast_head":"<!-- This site is optimized with the Yoast SEO plugin v25.9 - https:\/\/yoast.com\/wordpress\/plugins\/seo\/ -->\n<title>The place to be - Le Panoramic<\/title>\n<meta name=\"robots\" content=\"index, follow, max-snippet:-1, max-image-preview:large, max-video-preview:-1\" \/>\n<link rel=\"canonical\" href=\"https:\/\/panoramic-chatel.com\/en\/plaquette\/the-place-to-be\/\" \/>\n<meta property=\"og:locale\" content=\"en_GB\" \/>\n<meta property=\"og:type\" content=\"article\" \/>\n<meta property=\"og:title\" content=\"The place to be - Le Panoramic\" \/>\n<meta property=\"og:description\" content=\"La situation g\u00e9ographique au c\u0153ur du domaine des Portes du Soleil, \u00e0 5 minutes de la Suisse, proche de l\u2019acc\u00e8s autoroutier, du TGV, des a\u00e9roports de Gen\u00e8ve et de Sion, conf\u00e8re au PANORAMIC un atout majeur pour un investissement immobilier avec un fort potentiel de location et de revente. Et\u00e9 comme hiver, dans une station&hellip;&nbsp;Read More &raquo;The place to be\" \/>\n<meta property=\"og:url\" content=\"https:\/\/panoramic-chatel.com\/en\/plaquette\/the-place-to-be\/\" \/>\n<meta property=\"og:site_name\" content=\"Le Panoramic\" \/>\n<meta property=\"article:modified_time\" content=\"2021-12-27T14:11:23+00:00\" \/>\n<meta property=\"og:image\" content=\"https:\/\/panoramic-chatel.com\/wp-content\/uploads\/2021\/12\/plaquette-fr-04.png\" \/>\n<meta name=\"twitter:card\" content=\"summary_large_image\" \/>\n<meta name=\"twitter:label1\" content=\"Estimated reading time\" \/>\n\t<meta name=\"twitter:data1\" content=\"1 minute\" \/>\n<script type=\"application\/ld+json\" class=\"yoast-schema-graph\">{\"@context\":\"https:\/\/schema.org\",\"@graph\":[{\"@type\":\"WebPage\",\"@id\":\"https:\/\/panoramic-chatel.com\/plaquette\/the-place-to-be\/\",\"url\":\"https:\/\/panoramic-chatel.com\/plaquette\/the-place-to-be\/\",\"name\":\"The place to be - Le Panoramic\",\"isPartOf\":{\"@id\":\"https:\/\/panoramic-chatel.com\/#website\"},\"primaryImageOfPage\":{\"@id\":\"https:\/\/panoramic-chatel.com\/plaquette\/the-place-to-be\/#primaryimage\"},\"image\":{\"@id\":\"https:\/\/panoramic-chatel.com\/plaquette\/the-place-to-be\/#primaryimage\"},\"thumbnailUrl\":\"https:\/\/panoramic-chatel.com\/wp-content\/uploads\/2021\/12\/plaquette-fr-04.png\",\"datePublished\":\"2021-12-14T10:57:42+00:00\",\"dateModified\":\"2021-12-27T14:11:23+00:00\",\"breadcrumb\":{\"@id\":\"https:\/\/panoramic-chatel.com\/plaquette\/the-place-to-be\/#breadcrumb\"},\"inLanguage\":\"en-GB\",\"potentialAction\":[{\"@type\":\"ReadAction\",\"target\":[\"https:\/\/panoramic-chatel.com\/plaquette\/the-place-to-be\/\"]}]},{\"@type\":\"ImageObject\",\"inLanguage\":\"en-GB\",\"@id\":\"https:\/\/panoramic-chatel.com\/plaquette\/the-place-to-be\/#primaryimage\",\"url\":\"https:\/\/panoramic-chatel.com\/wp-content\/uploads\/2021\/12\/plaquette-fr-04.png\",\"contentUrl\":\"https:\/\/panoramic-chatel.com\/wp-content\/uploads\/2021\/12\/plaquette-fr-04.png\"},{\"@type\":\"BreadcrumbList\",\"@id\":\"https:\/\/panoramic-chatel.com\/plaquette\/the-place-to-be\/#breadcrumb\",\"itemListElement\":[{\"@type\":\"ListItem\",\"position\":1,\"name\":\"Accueil\",\"item\":\"https:\/\/panoramic-chatel.com\/\"},{\"@type\":\"ListItem\",\"position\":2,\"name\":\"Plaquette\",\"item\":\"https:\/\/panoramic-chatel.com\/plaquette\/\"},{\"@type\":\"ListItem\",\"position\":3,\"name\":\"The place to be\"}]},{\"@type\":\"WebSite\",\"@id\":\"https:\/\/panoramic-chatel.com\/#website\",\"url\":\"https:\/\/panoramic-chatel.com\/\",\"name\":\"Le Panoramic\",\"description\":\"R\u00e9sidence Premium Ch\u00e2tel\",\"publisher\":{\"@id\":\"https:\/\/panoramic-chatel.com\/#organization\"},\"potentialAction\":[{\"@type\":\"SearchAction\",\"target\":{\"@type\":\"EntryPoint\",\"urlTemplate\":\"https:\/\/panoramic-chatel.com\/?s={search_term_string}\"},\"query-input\":{\"@type\":\"PropertyValueSpecification\",\"valueRequired\":true,\"valueName\":\"search_term_string\"}}],\"inLanguage\":\"en-GB\"},{\"@type\":\"Organization\",\"@id\":\"https:\/\/panoramic-chatel.com\/#organization\",\"name\":\"Le Panoramic\",\"url\":\"https:\/\/panoramic-chatel.com\/\",\"logo\":{\"@type\":\"ImageObject\",\"inLanguage\":\"en-GB\",\"@id\":\"https:\/\/panoramic-chatel.com\/#\/schema\/logo\/image\/\",\"url\":\"https:\/\/panoramic-chatel.com\/wp-content\/uploads\/2021\/10\/Logo_LEPANORAMIC_montagnes.png\",\"contentUrl\":\"https:\/\/panoramic-chatel.com\/wp-content\/uploads\/2021\/10\/Logo_LEPANORAMIC_montagnes.png\",\"width\":2000,\"height\":1000,\"caption\":\"Le Panoramic\"},\"image\":{\"@id\":\"https:\/\/panoramic-chatel.com\/#\/schema\/logo\/image\/\"}}]}<\/script>\n<!-- \/ Yoast SEO plugin. -->","yoast_head_json":{"title":"The place to be - Le Panoramic","robots":{"index":"index","follow":"follow","max-snippet":"max-snippet:-1","max-image-preview":"max-image-preview:large","max-video-preview":"max-video-preview:-1"},"canonical":"https:\/\/panoramic-chatel.com\/en\/plaquette\/the-place-to-be\/","og_locale":"en_GB","og_type":"article","og_title":"The place to be - Le Panoramic","og_description":"La situation g\u00e9ographique au c\u0153ur du domaine des Portes du Soleil, \u00e0 5 minutes de la Suisse, proche de l\u2019acc\u00e8s autoroutier, du TGV, des a\u00e9roports de Gen\u00e8ve et de Sion, conf\u00e8re au PANORAMIC un atout majeur pour un investissement immobilier avec un fort potentiel de location et de revente. Et\u00e9 comme hiver, dans une station&hellip;&nbsp;Read More &raquo;The place to be","og_url":"https:\/\/panoramic-chatel.com\/en\/plaquette\/the-place-to-be\/","og_site_name":"Le Panoramic","article_modified_time":"2021-12-27T14:11:23+00:00","og_image":[{"url":"https:\/\/panoramic-chatel.com\/wp-content\/uploads\/2021\/12\/plaquette-fr-04.png","type":"","width":"","height":""}],"twitter_card":"summary_large_image","twitter_misc":{"Estimated reading time":"1 minute"},"schema":{"@context":"https:\/\/schema.org","@graph":[{"@type":"WebPage","@id":"https:\/\/panoramic-chatel.com\/plaquette\/the-place-to-be\/","url":"https:\/\/panoramic-chatel.com\/plaquette\/the-place-to-be\/","name":"The place to be - Le Panoramic","isPartOf":{"@id":"https:\/\/panoramic-chatel.com\/#website"},"primaryImageOfPage":{"@id":"https:\/\/panoramic-chatel.com\/plaquette\/the-place-to-be\/#primaryimage"},"image":{"@id":"https:\/\/panoramic-chatel.com\/plaquette\/the-place-to-be\/#primaryimage"},"thumbnailUrl":"https:\/\/panoramic-chatel.com\/wp-content\/uploads\/2021\/12\/plaquette-fr-04.png","datePublished":"2021-12-14T10:57:42+00:00","dateModified":"2021-12-27T14:11:23+00:00","breadcrumb":{"@id":"https:\/\/panoramic-chatel.com\/plaquette\/the-place-to-be\/#breadcrumb"},"inLanguage":"en-GB","potentialAction":[{"@type":"ReadAction","target":["https:\/\/panoramic-chatel.com\/plaquette\/the-place-to-be\/"]}]},{"@type":"ImageObject","inLanguage":"en-GB","@id":"https:\/\/panoramic-chatel.com\/plaquette\/the-place-to-be\/#primaryimage","url":"https:\/\/panoramic-chatel.com\/wp-content\/uploads\/2021\/12\/plaquette-fr-04.png","contentUrl":"https:\/\/panoramic-chatel.com\/wp-content\/uploads\/2021\/12\/plaquette-fr-04.png"},{"@type":"BreadcrumbList","@id":"https:\/\/panoramic-chatel.com\/plaquette\/the-place-to-be\/#breadcrumb","itemListElement":[{"@type":"ListItem","position":1,"name":"Accueil","item":"https:\/\/panoramic-chatel.com\/"},{"@type":"ListItem","position":2,"name":"Plaquette","item":"https:\/\/panoramic-chatel.com\/plaquette\/"},{"@type":"ListItem","position":3,"name":"The place to be"}]},{"@type":"WebSite","@id":"https:\/\/panoramic-chatel.com\/#website","url":"https:\/\/panoramic-chatel.com\/","name":"Le Panoramic","description":"R\u00e9sidence Premium Ch\u00e2tel","publisher":{"@id":"https:\/\/panoramic-chatel.com\/#organization"},"potentialAction":[{"@type":"SearchAction","target":{"@type":"EntryPoint","urlTemplate":"https:\/\/panoramic-chatel.com\/?s={search_term_string}"},"query-input":{"@type":"PropertyValueSpecification","valueRequired":true,"valueName":"search_term_string"}}],"inLanguage":"en-GB"},{"@type":"Organization","@id":"https:\/\/panoramic-chatel.com\/#organization","name":"Le Panoramic","url":"https:\/\/panoramic-chatel.com\/","logo":{"@type":"ImageObject","inLanguage":"en-GB","@id":"https:\/\/panoramic-chatel.com\/#\/schema\/logo\/image\/","url":"https:\/\/panoramic-chatel.com\/wp-content\/uploads\/2021\/10\/Logo_LEPANORAMIC_montagnes.png","contentUrl":"https:\/\/panoramic-chatel.com\/wp-content\/uploads\/2021\/10\/Logo_LEPANORAMIC_montagnes.png","width":2000,"height":1000,"caption":"Le Panoramic"},"image":{"@id":"https:\/\/panoramic-chatel.com\/#\/schema\/logo\/image\/"}}]}},"_links":{"self":[{"href":"https:\/\/panoramic-chatel.com\/en\/wp-json\/wp\/v2\/pages\/176","targetHints":{"allow":["GET"]}}],"collection":[{"href":"https:\/\/panoramic-chatel.com\/en\/wp-json\/wp\/v2\/pages"}],"about":[{"href":"https:\/\/panoramic-chatel.com\/en\/wp-json\/wp\/v2\/types\/page"}],"author":[{"embeddable":true,"href":"https:\/\/panoramic-chatel.com\/en\/wp-json\/wp\/v2\/users\/1"}],"replies":[{"embeddable":true,"href":"https:\/\/panoramic-chatel.com\/en\/wp-json\/wp\/v2\/comments?post=176"}],"version-history":[{"count":3,"href":"https:\/\/panoramic-chatel.com\/en\/wp-json\/wp\/v2\/pages\/176\/revisions"}],"predecessor-version":[{"id":289,"href":"https:\/\/panoramic-chatel.com\/en\/wp-json\/wp\/v2\/pages\/176\/revisions\/289"}],"up":[{"embeddable":true,"href":"https:\/\/panoramic-chatel.com\/en\/wp-json\/wp\/v2\/pages\/173"}],"wp:attachment":[{"href":"https:\/\/panoramic-chatel.com\/en\/wp-json\/wp\/v2\/media?parent=176"}],"curies":[{"name":"wp","href":"https:\/\/api.w.org\/{rel}","templated":true}]}}