{"id":170,"date":"2021-12-14T11:53:31","date_gmt":"2021-12-14T10:53:31","guid":{"rendered":"https:\/\/panoramic-chatel.com\/?page_id=170"},"modified":"2021-12-27T15:06:28","modified_gmt":"2021-12-27T14:06:28","slug":"une-entreprise-familiale","status":"publish","type":"page","link":"https:\/\/panoramic-chatel.com\/en\/plaquette\/une-entreprise-familiale\/","title":{"rendered":"A family business"},"content":{"rendered":"<p><img loading=\"lazy\" decoding=\"async\" class=\"aligncenter size-full wp-image-283\" src=\"https:\/\/panoramic-chatel.com\/wp-content\/uploads\/2021\/12\/plaquette-en-03.png\" alt=\"\" width=\"1292\" height=\"911\" srcset=\"https:\/\/panoramic-chatel.com\/wp-content\/uploads\/2021\/12\/plaquette-en-03.png 1293w, https:\/\/panoramic-chatel.com\/wp-content\/uploads\/2021\/12\/plaquette-en-03-300x203.png 300w, https:\/\/panoramic-chatel.com\/wp-content\/uploads\/2021\/12\/plaquette-en-03-1024x693.png 1024w, https:\/\/panoramic-chatel.com\/wp-content\/uploads\/2021\/12\/plaquette-en-03-768x520.png 768w, https:\/\/panoramic-chatel.com\/wp-content\/uploads\/2021\/12\/plaquette-en-03-18x12.png 18w\" sizes=\"auto, (max-width: 1292px) 100vw, 1292px\" \/><\/p>\n<h3>BREATHTAKING VIEW<\/h3>\n<p>A few steps away from the heart of the village and its shops.\nIdeally situated in a calm setting close to amenities: free public transportation within \n20 meters, pool within 50 meters, ski lifts within 300 meters.\nYou\u2019ll enjoy a grandiose and unique panorama from our apartments\u2019 extensive glazing.<\/p>\n<h3>LUXURIOUSLY UPSCALE<\/h3>\n<h3>PRIVATE LIFTS<\/h3>\n<p>in duplex apartments upon request.<\/p>\n<h3>SKI BOOT DRYERS \/ SKI LOCKERS<\/h3>\n<h3>HEATED PARKING \nAND OUTDOOR \nACCESS POINTS<\/h3>\n<h3>FIREPLACE<\/h3>\n<p>upon request.<\/p>\n<h3>EQUIPPED KITCHEN<\/h3>","protected":false},"excerpt":{"rendered":"<p>VUE IMPRENABLE A deux pas du c\u0153ur du village et de ses commerces. Id\u00e9alement situ\u00e9e au calme mais proche de toutes les commodit\u00e9s : transport public gratuit \u00e0 20 m, piscine \u00e0 50 m, remont\u00e9es m\u00e9caniques \u00e0 300 m. Vous profiterez d\u2019un panorama grandiose et unique gr\u00e2ce aux grandes surfaces vitr\u00e9es de nos appartements PRESTATIONS&hellip;&nbsp;<a href=\"https:\/\/panoramic-chatel.com\/en\/plaquette\/une-entreprise-familiale\/\" rel=\"bookmark\">Read More &raquo;<span class=\"screen-reader-text\">A family business<\/span><\/a><\/p>","protected":false},"author":1,"featured_media":0,"parent":173,"menu_order":0,"comment_status":"closed","ping_status":"closed","template":"","meta":{"neve_meta_sidebar":"","neve_meta_container":"","neve_meta_enable_content_width":"","neve_meta_content_width":0,"neve_meta_title_alignment":"","neve_meta_author_avatar":"","neve_post_elements_order":"","neve_meta_disable_header":"","neve_meta_disable_footer":"","neve_meta_disable_title":"on","footnotes":""},"class_list":["post-170","page","type-page","status-publish","hentry"],"yoast_head":"<!-- This site is optimized with the Yoast SEO plugin v25.9 - https:\/\/yoast.com\/wordpress\/plugins\/seo\/ -->\n<title>Une entreprise familiale - Le Panoramic<\/title>\n<meta name=\"robots\" content=\"index, follow, max-snippet:-1, max-image-preview:large, max-video-preview:-1\" \/>\n<link rel=\"canonical\" href=\"https:\/\/panoramic-chatel.com\/en\/plaquette\/une-entreprise-familiale\/\" \/>\n<meta property=\"og:locale\" content=\"en_GB\" \/>\n<meta property=\"og:type\" content=\"article\" \/>\n<meta property=\"og:title\" content=\"Une entreprise familiale - Le Panoramic\" \/>\n<meta property=\"og:description\" content=\"VUE IMPRENABLE A deux pas du c\u0153ur du village et de ses commerces. Id\u00e9alement situ\u00e9e au calme mais proche de toutes les commodit\u00e9s : transport public gratuit \u00e0 20 m, piscine \u00e0 50 m, remont\u00e9es m\u00e9caniques \u00e0 300 m. Vous profiterez d\u2019un panorama grandiose et unique gr\u00e2ce aux grandes surfaces vitr\u00e9es de nos appartements PRESTATIONS&hellip;&nbsp;Read More &raquo;Une entreprise familiale\" \/>\n<meta property=\"og:url\" content=\"https:\/\/panoramic-chatel.com\/en\/plaquette\/une-entreprise-familiale\/\" \/>\n<meta property=\"og:site_name\" content=\"Le Panoramic\" \/>\n<meta property=\"article:modified_time\" content=\"2021-12-27T14:06:28+00:00\" \/>\n<meta property=\"og:image\" content=\"https:\/\/panoramic-chatel.com\/wp-content\/uploads\/2021\/12\/plaquette-fr-03.png\" \/>\n<meta name=\"twitter:card\" content=\"summary_large_image\" \/>\n<script type=\"application\/ld+json\" class=\"yoast-schema-graph\">{\"@context\":\"https:\/\/schema.org\",\"@graph\":[{\"@type\":\"WebPage\",\"@id\":\"https:\/\/panoramic-chatel.com\/plaquette\/une-entreprise-familiale\/\",\"url\":\"https:\/\/panoramic-chatel.com\/plaquette\/une-entreprise-familiale\/\",\"name\":\"Une entreprise familiale - Le Panoramic\",\"isPartOf\":{\"@id\":\"https:\/\/panoramic-chatel.com\/#website\"},\"primaryImageOfPage\":{\"@id\":\"https:\/\/panoramic-chatel.com\/plaquette\/une-entreprise-familiale\/#primaryimage\"},\"image\":{\"@id\":\"https:\/\/panoramic-chatel.com\/plaquette\/une-entreprise-familiale\/#primaryimage\"},\"thumbnailUrl\":\"https:\/\/panoramic-chatel.com\/wp-content\/uploads\/2021\/12\/plaquette-fr-03.png\",\"datePublished\":\"2021-12-14T10:53:31+00:00\",\"dateModified\":\"2021-12-27T14:06:28+00:00\",\"breadcrumb\":{\"@id\":\"https:\/\/panoramic-chatel.com\/plaquette\/une-entreprise-familiale\/#breadcrumb\"},\"inLanguage\":\"en-GB\",\"potentialAction\":[{\"@type\":\"ReadAction\",\"target\":[\"https:\/\/panoramic-chatel.com\/plaquette\/une-entreprise-familiale\/\"]}]},{\"@type\":\"ImageObject\",\"inLanguage\":\"en-GB\",\"@id\":\"https:\/\/panoramic-chatel.com\/plaquette\/une-entreprise-familiale\/#primaryimage\",\"url\":\"https:\/\/panoramic-chatel.com\/wp-content\/uploads\/2021\/12\/plaquette-fr-03.png\",\"contentUrl\":\"https:\/\/panoramic-chatel.com\/wp-content\/uploads\/2021\/12\/plaquette-fr-03.png\"},{\"@type\":\"BreadcrumbList\",\"@id\":\"https:\/\/panoramic-chatel.com\/plaquette\/une-entreprise-familiale\/#breadcrumb\",\"itemListElement\":[{\"@type\":\"ListItem\",\"position\":1,\"name\":\"Accueil\",\"item\":\"https:\/\/panoramic-chatel.com\/\"},{\"@type\":\"ListItem\",\"position\":2,\"name\":\"Plaquette\",\"item\":\"https:\/\/panoramic-chatel.com\/plaquette\/\"},{\"@type\":\"ListItem\",\"position\":3,\"name\":\"Une entreprise familiale\"}]},{\"@type\":\"WebSite\",\"@id\":\"https:\/\/panoramic-chatel.com\/#website\",\"url\":\"https:\/\/panoramic-chatel.com\/\",\"name\":\"Le Panoramic\",\"description\":\"R\u00e9sidence Premium Ch\u00e2tel\",\"publisher\":{\"@id\":\"https:\/\/panoramic-chatel.com\/#organization\"},\"potentialAction\":[{\"@type\":\"SearchAction\",\"target\":{\"@type\":\"EntryPoint\",\"urlTemplate\":\"https:\/\/panoramic-chatel.com\/?s={search_term_string}\"},\"query-input\":{\"@type\":\"PropertyValueSpecification\",\"valueRequired\":true,\"valueName\":\"search_term_string\"}}],\"inLanguage\":\"en-GB\"},{\"@type\":\"Organization\",\"@id\":\"https:\/\/panoramic-chatel.com\/#organization\",\"name\":\"Le Panoramic\",\"url\":\"https:\/\/panoramic-chatel.com\/\",\"logo\":{\"@type\":\"ImageObject\",\"inLanguage\":\"en-GB\",\"@id\":\"https:\/\/panoramic-chatel.com\/#\/schema\/logo\/image\/\",\"url\":\"https:\/\/panoramic-chatel.com\/wp-content\/uploads\/2021\/10\/Logo_LEPANORAMIC_montagnes.png\",\"contentUrl\":\"https:\/\/panoramic-chatel.com\/wp-content\/uploads\/2021\/10\/Logo_LEPANORAMIC_montagnes.png\",\"width\":2000,\"height\":1000,\"caption\":\"Le Panoramic\"},\"image\":{\"@id\":\"https:\/\/panoramic-chatel.com\/#\/schema\/logo\/image\/\"}}]}<\/script>\n<!-- \/ Yoast SEO plugin. -->","yoast_head_json":{"title":"Une entreprise familiale - Le Panoramic","robots":{"index":"index","follow":"follow","max-snippet":"max-snippet:-1","max-image-preview":"max-image-preview:large","max-video-preview":"max-video-preview:-1"},"canonical":"https:\/\/panoramic-chatel.com\/en\/plaquette\/une-entreprise-familiale\/","og_locale":"en_GB","og_type":"article","og_title":"Une entreprise familiale - Le Panoramic","og_description":"VUE IMPRENABLE A deux pas du c\u0153ur du village et de ses commerces. Id\u00e9alement situ\u00e9e au calme mais proche de toutes les commodit\u00e9s : transport public gratuit \u00e0 20 m, piscine \u00e0 50 m, remont\u00e9es m\u00e9caniques \u00e0 300 m. Vous profiterez d\u2019un panorama grandiose et unique gr\u00e2ce aux grandes surfaces vitr\u00e9es de nos appartements PRESTATIONS&hellip;&nbsp;Read More &raquo;Une entreprise familiale","og_url":"https:\/\/panoramic-chatel.com\/en\/plaquette\/une-entreprise-familiale\/","og_site_name":"Le Panoramic","article_modified_time":"2021-12-27T14:06:28+00:00","og_image":[{"url":"https:\/\/panoramic-chatel.com\/wp-content\/uploads\/2021\/12\/plaquette-fr-03.png","type":"","width":"","height":""}],"twitter_card":"summary_large_image","schema":{"@context":"https:\/\/schema.org","@graph":[{"@type":"WebPage","@id":"https:\/\/panoramic-chatel.com\/plaquette\/une-entreprise-familiale\/","url":"https:\/\/panoramic-chatel.com\/plaquette\/une-entreprise-familiale\/","name":"Une entreprise familiale - Le Panoramic","isPartOf":{"@id":"https:\/\/panoramic-chatel.com\/#website"},"primaryImageOfPage":{"@id":"https:\/\/panoramic-chatel.com\/plaquette\/une-entreprise-familiale\/#primaryimage"},"image":{"@id":"https:\/\/panoramic-chatel.com\/plaquette\/une-entreprise-familiale\/#primaryimage"},"thumbnailUrl":"https:\/\/panoramic-chatel.com\/wp-content\/uploads\/2021\/12\/plaquette-fr-03.png","datePublished":"2021-12-14T10:53:31+00:00","dateModified":"2021-12-27T14:06:28+00:00","breadcrumb":{"@id":"https:\/\/panoramic-chatel.com\/plaquette\/une-entreprise-familiale\/#breadcrumb"},"inLanguage":"en-GB","potentialAction":[{"@type":"ReadAction","target":["https:\/\/panoramic-chatel.com\/plaquette\/une-entreprise-familiale\/"]}]},{"@type":"ImageObject","inLanguage":"en-GB","@id":"https:\/\/panoramic-chatel.com\/plaquette\/une-entreprise-familiale\/#primaryimage","url":"https:\/\/panoramic-chatel.com\/wp-content\/uploads\/2021\/12\/plaquette-fr-03.png","contentUrl":"https:\/\/panoramic-chatel.com\/wp-content\/uploads\/2021\/12\/plaquette-fr-03.png"},{"@type":"BreadcrumbList","@id":"https:\/\/panoramic-chatel.com\/plaquette\/une-entreprise-familiale\/#breadcrumb","itemListElement":[{"@type":"ListItem","position":1,"name":"Accueil","item":"https:\/\/panoramic-chatel.com\/"},{"@type":"ListItem","position":2,"name":"Plaquette","item":"https:\/\/panoramic-chatel.com\/plaquette\/"},{"@type":"ListItem","position":3,"name":"Une entreprise familiale"}]},{"@type":"WebSite","@id":"https:\/\/panoramic-chatel.com\/#website","url":"https:\/\/panoramic-chatel.com\/","name":"Le Panoramic","description":"R\u00e9sidence Premium Ch\u00e2tel","publisher":{"@id":"https:\/\/panoramic-chatel.com\/#organization"},"potentialAction":[{"@type":"SearchAction","target":{"@type":"EntryPoint","urlTemplate":"https:\/\/panoramic-chatel.com\/?s={search_term_string}"},"query-input":{"@type":"PropertyValueSpecification","valueRequired":true,"valueName":"search_term_string"}}],"inLanguage":"en-GB"},{"@type":"Organization","@id":"https:\/\/panoramic-chatel.com\/#organization","name":"Le Panoramic","url":"https:\/\/panoramic-chatel.com\/","logo":{"@type":"ImageObject","inLanguage":"en-GB","@id":"https:\/\/panoramic-chatel.com\/#\/schema\/logo\/image\/","url":"https:\/\/panoramic-chatel.com\/wp-content\/uploads\/2021\/10\/Logo_LEPANORAMIC_montagnes.png","contentUrl":"https:\/\/panoramic-chatel.com\/wp-content\/uploads\/2021\/10\/Logo_LEPANORAMIC_montagnes.png","width":2000,"height":1000,"caption":"Le Panoramic"},"image":{"@id":"https:\/\/panoramic-chatel.com\/#\/schema\/logo\/image\/"}}]}},"_links":{"self":[{"href":"https:\/\/panoramic-chatel.com\/en\/wp-json\/wp\/v2\/pages\/170","targetHints":{"allow":["GET"]}}],"collection":[{"href":"https:\/\/panoramic-chatel.com\/en\/wp-json\/wp\/v2\/pages"}],"about":[{"href":"https:\/\/panoramic-chatel.com\/en\/wp-json\/wp\/v2\/types\/page"}],"author":[{"embeddable":true,"href":"https:\/\/panoramic-chatel.com\/en\/wp-json\/wp\/v2\/users\/1"}],"replies":[{"embeddable":true,"href":"https:\/\/panoramic-chatel.com\/en\/wp-json\/wp\/v2\/comments?post=170"}],"version-history":[{"count":4,"href":"https:\/\/panoramic-chatel.com\/en\/wp-json\/wp\/v2\/pages\/170\/revisions"}],"predecessor-version":[{"id":288,"href":"https:\/\/panoramic-chatel.com\/en\/wp-json\/wp\/v2\/pages\/170\/revisions\/288"}],"up":[{"embeddable":true,"href":"https:\/\/panoramic-chatel.com\/en\/wp-json\/wp\/v2\/pages\/173"}],"wp:attachment":[{"href":"https:\/\/panoramic-chatel.com\/en\/wp-json\/wp\/v2\/media?parent=170"}],"curies":[{"name":"wp","href":"https:\/\/api.w.org\/{rel}","templated":true}]}}