{"id":167,"date":"2021-12-14T11:49:09","date_gmt":"2021-12-14T10:49:09","guid":{"rendered":"https:\/\/panoramic-chatel.com\/?page_id=167"},"modified":"2021-12-27T15:00:03","modified_gmt":"2021-12-27T14:00:03","slug":"une-realisation-unique","status":"publish","type":"page","link":"https:\/\/panoramic-chatel.com\/en\/plaquette\/une-realisation-unique\/","title":{"rendered":"A Unique accomodation"},"content":{"rendered":"<p><img loading=\"lazy\" decoding=\"async\" class=\"aligncenter size-full wp-image-282\" src=\"https:\/\/panoramic-chatel.com\/wp-content\/uploads\/2021\/12\/plaquette-en-02.png\" alt=\"\" width=\"1291\" height=\"913\" srcset=\"https:\/\/panoramic-chatel.com\/wp-content\/uploads\/2021\/12\/plaquette-en-02.png 1290w, https:\/\/panoramic-chatel.com\/wp-content\/uploads\/2021\/12\/plaquette-en-02-300x203.png 300w, https:\/\/panoramic-chatel.com\/wp-content\/uploads\/2021\/12\/plaquette-en-02-1024x691.png 1024w, https:\/\/panoramic-chatel.com\/wp-content\/uploads\/2021\/12\/plaquette-en-02-768x519.png 768w, https:\/\/panoramic-chatel.com\/wp-content\/uploads\/2021\/12\/plaquette-en-02-18x12.png 18w\" sizes=\"auto, (max-width: 1291px) 100vw, 1291px\" \/><\/p>\n<h3>COMFORT AND STANDARD OF LIVING<\/h3>\n<p>Everything here has been thought out : quality of materials used and chosen with respect for the environment. The floorplans of each apartment have been conceived with the utmost care to provide you, daily, with the privileged ambiance of a large, comfortable and cozy environment. Each apartment benefits from large terraces or balconies. \nThe construction meets the highest standards.<\/p>\n<h3>CUSTOMISED ADVICE AND TAILOR-MADE FINISHINGS<\/h3>\n<p>On demand<\/p>\n<h3>HEATING<\/h3>\n<p>individual floor heating, top-notch thermal and acoustic isolation.<\/p>\n<h3>FITNESS ROOM<\/h3>\n<p>in the residence and possibility of adding a Jacuzzi on your terrace upon request.<\/p>\n<h3>SECURED HOUSING<\/h3>\n<p>luxury apartments within a fully secured residence, accesses under surveillance, videophone with remote control garage access, safety landing doors with multipoint security locks.<\/p>","protected":false},"excerpt":{"rendered":"<p>CONFORT ET QUALIT\u00c9 DE VIE Ici tout a \u00e9t\u00e9 pens\u00e9 : qualit\u00e9 des mat\u00e9riaux utilis\u00e9s et choisis dans le respect de l\u2019environnement. Les plans de chaque appartement ont \u00e9t\u00e9 con\u00e7us avec le plus rand soin pour vous o\u0090rir, au quotidien, le privil\u00e8ge d\u2019une ambiance faite de grands espaces et de confort. Chaque appartement dispose de&hellip;&nbsp;<a href=\"https:\/\/panoramic-chatel.com\/en\/plaquette\/une-realisation-unique\/\" rel=\"bookmark\">Read More &raquo;<span class=\"screen-reader-text\">A Unique accomodation<\/span><\/a><\/p>","protected":false},"author":1,"featured_media":0,"parent":173,"menu_order":0,"comment_status":"closed","ping_status":"closed","template":"","meta":{"neve_meta_sidebar":"","neve_meta_container":"","neve_meta_enable_content_width":"","neve_meta_content_width":0,"neve_meta_title_alignment":"","neve_meta_author_avatar":"","neve_post_elements_order":"","neve_meta_disable_header":"","neve_meta_disable_footer":"","neve_meta_disable_title":"on","footnotes":""},"class_list":["post-167","page","type-page","status-publish","hentry"],"yoast_head":"<!-- This site is optimized with the Yoast SEO plugin v25.9 - https:\/\/yoast.com\/wordpress\/plugins\/seo\/ -->\n<title>Une r\u00e9alisation unique - Le Panoramic<\/title>\n<meta name=\"robots\" content=\"index, follow, max-snippet:-1, max-image-preview:large, max-video-preview:-1\" \/>\n<link rel=\"canonical\" href=\"https:\/\/panoramic-chatel.com\/en\/plaquette\/une-realisation-unique\/\" \/>\n<meta property=\"og:locale\" content=\"en_GB\" \/>\n<meta property=\"og:type\" content=\"article\" \/>\n<meta property=\"og:title\" content=\"Une r\u00e9alisation unique - Le Panoramic\" \/>\n<meta property=\"og:description\" content=\"CONFORT ET QUALIT\u00c9 DE VIE Ici tout a \u00e9t\u00e9 pens\u00e9 : qualit\u00e9 des mat\u00e9riaux utilis\u00e9s et choisis dans le respect de l\u2019environnement. Les plans de chaque appartement ont \u00e9t\u00e9 con\u00e7us avec le plus rand soin pour vous o\u0090rir, au quotidien, le privil\u00e8ge d\u2019une ambiance faite de grands espaces et de confort. Chaque appartement dispose de&hellip;&nbsp;Read More &raquo;Une r\u00e9alisation unique\" \/>\n<meta property=\"og:url\" content=\"https:\/\/panoramic-chatel.com\/en\/plaquette\/une-realisation-unique\/\" \/>\n<meta property=\"og:site_name\" content=\"Le Panoramic\" \/>\n<meta property=\"article:modified_time\" content=\"2021-12-27T14:00:03+00:00\" \/>\n<meta property=\"og:image\" content=\"https:\/\/panoramic-chatel.com\/wp-content\/uploads\/2021\/12\/plaquette-fr-02.png\" \/>\n<meta name=\"twitter:card\" content=\"summary_large_image\" \/>\n<meta name=\"twitter:label1\" content=\"Estimated reading time\" \/>\n\t<meta name=\"twitter:data1\" content=\"1 minute\" \/>\n<script type=\"application\/ld+json\" class=\"yoast-schema-graph\">{\"@context\":\"https:\/\/schema.org\",\"@graph\":[{\"@type\":\"WebPage\",\"@id\":\"https:\/\/panoramic-chatel.com\/plaquette\/une-realisation-unique\/\",\"url\":\"https:\/\/panoramic-chatel.com\/plaquette\/une-realisation-unique\/\",\"name\":\"Une r\u00e9alisation unique - Le Panoramic\",\"isPartOf\":{\"@id\":\"https:\/\/panoramic-chatel.com\/#website\"},\"primaryImageOfPage\":{\"@id\":\"https:\/\/panoramic-chatel.com\/plaquette\/une-realisation-unique\/#primaryimage\"},\"image\":{\"@id\":\"https:\/\/panoramic-chatel.com\/plaquette\/une-realisation-unique\/#primaryimage\"},\"thumbnailUrl\":\"https:\/\/panoramic-chatel.com\/wp-content\/uploads\/2021\/12\/plaquette-fr-02.png\",\"datePublished\":\"2021-12-14T10:49:09+00:00\",\"dateModified\":\"2021-12-27T14:00:03+00:00\",\"breadcrumb\":{\"@id\":\"https:\/\/panoramic-chatel.com\/plaquette\/une-realisation-unique\/#breadcrumb\"},\"inLanguage\":\"en-GB\",\"potentialAction\":[{\"@type\":\"ReadAction\",\"target\":[\"https:\/\/panoramic-chatel.com\/plaquette\/une-realisation-unique\/\"]}]},{\"@type\":\"ImageObject\",\"inLanguage\":\"en-GB\",\"@id\":\"https:\/\/panoramic-chatel.com\/plaquette\/une-realisation-unique\/#primaryimage\",\"url\":\"https:\/\/panoramic-chatel.com\/wp-content\/uploads\/2021\/12\/plaquette-fr-02.png\",\"contentUrl\":\"https:\/\/panoramic-chatel.com\/wp-content\/uploads\/2021\/12\/plaquette-fr-02.png\"},{\"@type\":\"BreadcrumbList\",\"@id\":\"https:\/\/panoramic-chatel.com\/plaquette\/une-realisation-unique\/#breadcrumb\",\"itemListElement\":[{\"@type\":\"ListItem\",\"position\":1,\"name\":\"Accueil\",\"item\":\"https:\/\/panoramic-chatel.com\/\"},{\"@type\":\"ListItem\",\"position\":2,\"name\":\"Plaquette\",\"item\":\"https:\/\/panoramic-chatel.com\/plaquette\/\"},{\"@type\":\"ListItem\",\"position\":3,\"name\":\"Une r\u00e9alisation unique\"}]},{\"@type\":\"WebSite\",\"@id\":\"https:\/\/panoramic-chatel.com\/#website\",\"url\":\"https:\/\/panoramic-chatel.com\/\",\"name\":\"Le Panoramic\",\"description\":\"R\u00e9sidence Premium Ch\u00e2tel\",\"publisher\":{\"@id\":\"https:\/\/panoramic-chatel.com\/#organization\"},\"potentialAction\":[{\"@type\":\"SearchAction\",\"target\":{\"@type\":\"EntryPoint\",\"urlTemplate\":\"https:\/\/panoramic-chatel.com\/?s={search_term_string}\"},\"query-input\":{\"@type\":\"PropertyValueSpecification\",\"valueRequired\":true,\"valueName\":\"search_term_string\"}}],\"inLanguage\":\"en-GB\"},{\"@type\":\"Organization\",\"@id\":\"https:\/\/panoramic-chatel.com\/#organization\",\"name\":\"Le Panoramic\",\"url\":\"https:\/\/panoramic-chatel.com\/\",\"logo\":{\"@type\":\"ImageObject\",\"inLanguage\":\"en-GB\",\"@id\":\"https:\/\/panoramic-chatel.com\/#\/schema\/logo\/image\/\",\"url\":\"https:\/\/panoramic-chatel.com\/wp-content\/uploads\/2021\/10\/Logo_LEPANORAMIC_montagnes.png\",\"contentUrl\":\"https:\/\/panoramic-chatel.com\/wp-content\/uploads\/2021\/10\/Logo_LEPANORAMIC_montagnes.png\",\"width\":2000,\"height\":1000,\"caption\":\"Le Panoramic\"},\"image\":{\"@id\":\"https:\/\/panoramic-chatel.com\/#\/schema\/logo\/image\/\"}}]}<\/script>\n<!-- \/ Yoast SEO plugin. -->","yoast_head_json":{"title":"Une r\u00e9alisation unique - Le Panoramic","robots":{"index":"index","follow":"follow","max-snippet":"max-snippet:-1","max-image-preview":"max-image-preview:large","max-video-preview":"max-video-preview:-1"},"canonical":"https:\/\/panoramic-chatel.com\/en\/plaquette\/une-realisation-unique\/","og_locale":"en_GB","og_type":"article","og_title":"Une r\u00e9alisation unique - Le Panoramic","og_description":"CONFORT ET QUALIT\u00c9 DE VIE Ici tout a \u00e9t\u00e9 pens\u00e9 : qualit\u00e9 des mat\u00e9riaux utilis\u00e9s et choisis dans le respect de l\u2019environnement. Les plans de chaque appartement ont \u00e9t\u00e9 con\u00e7us avec le plus rand soin pour vous o\u0090rir, au quotidien, le privil\u00e8ge d\u2019une ambiance faite de grands espaces et de confort. Chaque appartement dispose de&hellip;&nbsp;Read More &raquo;Une r\u00e9alisation unique","og_url":"https:\/\/panoramic-chatel.com\/en\/plaquette\/une-realisation-unique\/","og_site_name":"Le Panoramic","article_modified_time":"2021-12-27T14:00:03+00:00","og_image":[{"url":"https:\/\/panoramic-chatel.com\/wp-content\/uploads\/2021\/12\/plaquette-fr-02.png","type":"","width":"","height":""}],"twitter_card":"summary_large_image","twitter_misc":{"Estimated reading time":"1 minute"},"schema":{"@context":"https:\/\/schema.org","@graph":[{"@type":"WebPage","@id":"https:\/\/panoramic-chatel.com\/plaquette\/une-realisation-unique\/","url":"https:\/\/panoramic-chatel.com\/plaquette\/une-realisation-unique\/","name":"Une r\u00e9alisation unique - Le Panoramic","isPartOf":{"@id":"https:\/\/panoramic-chatel.com\/#website"},"primaryImageOfPage":{"@id":"https:\/\/panoramic-chatel.com\/plaquette\/une-realisation-unique\/#primaryimage"},"image":{"@id":"https:\/\/panoramic-chatel.com\/plaquette\/une-realisation-unique\/#primaryimage"},"thumbnailUrl":"https:\/\/panoramic-chatel.com\/wp-content\/uploads\/2021\/12\/plaquette-fr-02.png","datePublished":"2021-12-14T10:49:09+00:00","dateModified":"2021-12-27T14:00:03+00:00","breadcrumb":{"@id":"https:\/\/panoramic-chatel.com\/plaquette\/une-realisation-unique\/#breadcrumb"},"inLanguage":"en-GB","potentialAction":[{"@type":"ReadAction","target":["https:\/\/panoramic-chatel.com\/plaquette\/une-realisation-unique\/"]}]},{"@type":"ImageObject","inLanguage":"en-GB","@id":"https:\/\/panoramic-chatel.com\/plaquette\/une-realisation-unique\/#primaryimage","url":"https:\/\/panoramic-chatel.com\/wp-content\/uploads\/2021\/12\/plaquette-fr-02.png","contentUrl":"https:\/\/panoramic-chatel.com\/wp-content\/uploads\/2021\/12\/plaquette-fr-02.png"},{"@type":"BreadcrumbList","@id":"https:\/\/panoramic-chatel.com\/plaquette\/une-realisation-unique\/#breadcrumb","itemListElement":[{"@type":"ListItem","position":1,"name":"Accueil","item":"https:\/\/panoramic-chatel.com\/"},{"@type":"ListItem","position":2,"name":"Plaquette","item":"https:\/\/panoramic-chatel.com\/plaquette\/"},{"@type":"ListItem","position":3,"name":"Une r\u00e9alisation unique"}]},{"@type":"WebSite","@id":"https:\/\/panoramic-chatel.com\/#website","url":"https:\/\/panoramic-chatel.com\/","name":"Le Panoramic","description":"R\u00e9sidence Premium Ch\u00e2tel","publisher":{"@id":"https:\/\/panoramic-chatel.com\/#organization"},"potentialAction":[{"@type":"SearchAction","target":{"@type":"EntryPoint","urlTemplate":"https:\/\/panoramic-chatel.com\/?s={search_term_string}"},"query-input":{"@type":"PropertyValueSpecification","valueRequired":true,"valueName":"search_term_string"}}],"inLanguage":"en-GB"},{"@type":"Organization","@id":"https:\/\/panoramic-chatel.com\/#organization","name":"Le Panoramic","url":"https:\/\/panoramic-chatel.com\/","logo":{"@type":"ImageObject","inLanguage":"en-GB","@id":"https:\/\/panoramic-chatel.com\/#\/schema\/logo\/image\/","url":"https:\/\/panoramic-chatel.com\/wp-content\/uploads\/2021\/10\/Logo_LEPANORAMIC_montagnes.png","contentUrl":"https:\/\/panoramic-chatel.com\/wp-content\/uploads\/2021\/10\/Logo_LEPANORAMIC_montagnes.png","width":2000,"height":1000,"caption":"Le Panoramic"},"image":{"@id":"https:\/\/panoramic-chatel.com\/#\/schema\/logo\/image\/"}}]}},"_links":{"self":[{"href":"https:\/\/panoramic-chatel.com\/en\/wp-json\/wp\/v2\/pages\/167","targetHints":{"allow":["GET"]}}],"collection":[{"href":"https:\/\/panoramic-chatel.com\/en\/wp-json\/wp\/v2\/pages"}],"about":[{"href":"https:\/\/panoramic-chatel.com\/en\/wp-json\/wp\/v2\/types\/page"}],"author":[{"embeddable":true,"href":"https:\/\/panoramic-chatel.com\/en\/wp-json\/wp\/v2\/users\/1"}],"replies":[{"embeddable":true,"href":"https:\/\/panoramic-chatel.com\/en\/wp-json\/wp\/v2\/comments?post=167"}],"version-history":[{"count":7,"href":"https:\/\/panoramic-chatel.com\/en\/wp-json\/wp\/v2\/pages\/167\/revisions"}],"predecessor-version":[{"id":287,"href":"https:\/\/panoramic-chatel.com\/en\/wp-json\/wp\/v2\/pages\/167\/revisions\/287"}],"up":[{"embeddable":true,"href":"https:\/\/panoramic-chatel.com\/en\/wp-json\/wp\/v2\/pages\/173"}],"wp:attachment":[{"href":"https:\/\/panoramic-chatel.com\/en\/wp-json\/wp\/v2\/media?parent=167"}],"curies":[{"name":"wp","href":"https:\/\/api.w.org\/{rel}","templated":true}]}}